{"id":15473,"date":"2024-11-29T18:31:25","date_gmt":"2024-11-29T17:31:25","guid":{"rendered":"https:\/\/stampcurio.com\/product\/xxx-szalay-peter-sk-level-xxx-postaigazgatonak-svedorszagba-kuldve\/"},"modified":"2025-12-05T04:06:31","modified_gmt":"2025-12-05T03:06:31","slug":"1903-magyarorszag-szalay-peter-postaigazgato-sk-levele-a-sved-postaigazgatonak-svedorszagba-kuldve","status":"publish","type":"product","link":"https:\/\/stampcurio.com\/hu\/termek\/1903-magyarorszag-szalay-peter-postaigazgato-sk-levele-a-sved-postaigazgatonak-svedorszagba-kuldve\/","title":{"rendered":"1903 Magyarorsz\u00e1g &#8211; Szalay P\u00e9ter postaigazgat\u00f3 sk. levele a sv\u00e9d postaigazgat\u00f3nak Sv\u00e9dorsz\u00e1gba k\u00fcldve"},"content":{"rendered":"","protected":false},"excerpt":{"rendered":"","protected":false},"featured_media":20862,"template":"","meta":[],"product_brand":[],"product_cat":[1172,1237],"product_tag":[1664,89],"class_list":{"0":"post-15473","1":"product","2":"type-product","3":"status-publish","4":"has-post-thumbnail","6":"product_cat-magyarorszag","7":"product_cat-svedorszag","8":"product_tag-2nd-auction-hu","9":"product_tag-postatortenet","11":"first","12":"instock","13":"sold-individually","14":"shipping-taxable","15":"product-type-simple"},"_links":{"self":[{"href":"https:\/\/stampcurio.com\/hu\/wp-json\/wp\/v2\/product\/15473","targetHints":{"allow":["GET"]}}],"collection":[{"href":"https:\/\/stampcurio.com\/hu\/wp-json\/wp\/v2\/product"}],"about":[{"href":"https:\/\/stampcurio.com\/hu\/wp-json\/wp\/v2\/types\/product"}],"wp:featuredmedia":[{"embeddable":true,"href":"https:\/\/stampcurio.com\/hu\/wp-json\/wp\/v2\/media\/20862"}],"wp:attachment":[{"href":"https:\/\/stampcurio.com\/hu\/wp-json\/wp\/v2\/media?parent=15473"}],"wp:term":[{"taxonomy":"product_brand","embeddable":true,"href":"https:\/\/stampcurio.com\/hu\/wp-json\/wp\/v2\/product_brand?post=15473"},{"taxonomy":"product_cat","embeddable":true,"href":"https:\/\/stampcurio.com\/hu\/wp-json\/wp\/v2\/product_cat?post=15473"},{"taxonomy":"product_tag","embeddable":true,"href":"https:\/\/stampcurio.com\/hu\/wp-json\/wp\/v2\/product_tag?post=15473"}],"curies":[{"name":"wp","href":"https:\/\/api.w.org\/{rel}","templated":true}]}}