{"id":15472,"date":"2024-11-29T18:31:25","date_gmt":"2024-11-29T17:31:25","guid":{"rendered":"https:\/\/stampcurio.com\/product\/1902-olaszorszag-napolybol-fiumebe-kuldott-kepeslap-piroscafo-rakoczi-belyegzovel-rakoczi\/"},"modified":"2025-12-05T04:06:30","modified_gmt":"2025-12-05T03:06:30","slug":"1902-olaszorszag-napolybol-fiumebe-kuldott-kepeslap-a-piroscafoe-rakoczi-hajo-fedelzeti-belyegzojevel","status":"publish","type":"product","link":"https:\/\/stampcurio.com\/hu\/termek\/1902-olaszorszag-napolybol-fiumebe-kuldott-kepeslap-a-piroscafoe-rakoczi-hajo-fedelzeti-belyegzojevel\/","title":{"rendered":"1902 Olaszorsz\u00e1g \u2013 N\u00e1polyb\u00f3l Fium\u00e9be k\u00fcld\u00f6tt k\u00e9peslap a PIROSCAFOE R\u00c1K\u00d3CZI haj\u00f3 fed\u00e9lzeti b\u00e9lyegz\u0151j\u00e9vel"},"content":{"rendered":"","protected":false},"excerpt":{"rendered":"","protected":false},"featured_media":18658,"template":"","meta":[],"product_brand":[],"product_cat":[1275,1192,1172,1183],"product_tag":[1664,1316,97,1041,89],"class_list":{"0":"post-15472","1":"product","2":"type-product","3":"status-publish","4":"has-post-thumbnail","6":"product_cat-fiume","7":"product_cat-horvatorszag","8":"product_cat-magyarorszag","9":"product_cat-olaszorszag","10":"product_tag-2nd-auction-hu","11":"product_tag-hajoposta","12":"product_tag-kepeslap","13":"product_tag-marcophily-hu","14":"product_tag-postatortenet","16":"first","17":"instock","18":"sold-individually","19":"shipping-taxable","20":"product-type-simple"},"_links":{"self":[{"href":"https:\/\/stampcurio.com\/hu\/wp-json\/wp\/v2\/product\/15472","targetHints":{"allow":["GET"]}}],"collection":[{"href":"https:\/\/stampcurio.com\/hu\/wp-json\/wp\/v2\/product"}],"about":[{"href":"https:\/\/stampcurio.com\/hu\/wp-json\/wp\/v2\/types\/product"}],"wp:featuredmedia":[{"embeddable":true,"href":"https:\/\/stampcurio.com\/hu\/wp-json\/wp\/v2\/media\/18658"}],"wp:attachment":[{"href":"https:\/\/stampcurio.com\/hu\/wp-json\/wp\/v2\/media?parent=15472"}],"wp:term":[{"taxonomy":"product_brand","embeddable":true,"href":"https:\/\/stampcurio.com\/hu\/wp-json\/wp\/v2\/product_brand?post=15472"},{"taxonomy":"product_cat","embeddable":true,"href":"https:\/\/stampcurio.com\/hu\/wp-json\/wp\/v2\/product_cat?post=15472"},{"taxonomy":"product_tag","embeddable":true,"href":"https:\/\/stampcurio.com\/hu\/wp-json\/wp\/v2\/product_tag?post=15472"}],"curies":[{"name":"wp","href":"https:\/\/api.w.org\/{rel}","templated":true}]}}