{"id":15471,"date":"2024-11-29T18:31:25","date_gmt":"2024-11-29T17:31:25","guid":{"rendered":"https:\/\/stampcurio.com\/product\/1902-marseille-ss-rakoczi-kepeslap-marseillerol-budapestre-kuldve-nyomtatvanykent\/"},"modified":"2025-12-05T04:06:30","modified_gmt":"2025-12-05T03:06:30","slug":"1902-franciaorszag-marseille-bol-budapestre-kuldott-kepeslap-nyomtatvanykent-kezelve-az-s-s-rakoczi-hajo-fedelzeti-belyegzojevel","status":"publish","type":"product","link":"https:\/\/stampcurio.com\/hu\/termek\/1902-franciaorszag-marseille-bol-budapestre-kuldott-kepeslap-nyomtatvanykent-kezelve-az-s-s-rakoczi-hajo-fedelzeti-belyegzojevel\/","title":{"rendered":"1902 Franciaorsz\u00e1g \u2013 Marseille-b\u0151l Budapestre k\u00fcld\u00f6tt k\u00e9peslap nyomtatv\u00e1nyk\u00e9nt kezelve az S\/S R\u00e1k\u00f3czi haj\u00f3 fed\u00e9lzeti b\u00e9lyegz\u0151j\u00e9vel"},"content":{"rendered":"","protected":false},"excerpt":{"rendered":"","protected":false},"featured_media":18506,"template":"","meta":[],"product_brand":[],"product_cat":[1181,1172],"product_tag":[1664,1316,97,1041,89],"class_list":{"0":"post-15471","1":"product","2":"type-product","3":"status-publish","4":"has-post-thumbnail","6":"product_cat-franciaorszag","7":"product_cat-magyarorszag","8":"product_tag-2nd-auction-hu","9":"product_tag-hajoposta","10":"product_tag-kepeslap","11":"product_tag-marcophily-hu","12":"product_tag-postatortenet","14":"first","15":"instock","16":"sold-individually","17":"shipping-taxable","18":"product-type-simple"},"_links":{"self":[{"href":"https:\/\/stampcurio.com\/hu\/wp-json\/wp\/v2\/product\/15471","targetHints":{"allow":["GET"]}}],"collection":[{"href":"https:\/\/stampcurio.com\/hu\/wp-json\/wp\/v2\/product"}],"about":[{"href":"https:\/\/stampcurio.com\/hu\/wp-json\/wp\/v2\/types\/product"}],"wp:featuredmedia":[{"embeddable":true,"href":"https:\/\/stampcurio.com\/hu\/wp-json\/wp\/v2\/media\/18506"}],"wp:attachment":[{"href":"https:\/\/stampcurio.com\/hu\/wp-json\/wp\/v2\/media?parent=15471"}],"wp:term":[{"taxonomy":"product_brand","embeddable":true,"href":"https:\/\/stampcurio.com\/hu\/wp-json\/wp\/v2\/product_brand?post=15471"},{"taxonomy":"product_cat","embeddable":true,"href":"https:\/\/stampcurio.com\/hu\/wp-json\/wp\/v2\/product_cat?post=15471"},{"taxonomy":"product_tag","embeddable":true,"href":"https:\/\/stampcurio.com\/hu\/wp-json\/wp\/v2\/product_tag?post=15471"}],"curies":[{"name":"wp","href":"https:\/\/api.w.org\/{rel}","templated":true}]}}