{"id":15470,"date":"2024-11-29T18:31:24","date_gmt":"2024-11-29T17:31:24","guid":{"rendered":"https:\/\/stampcurio.com\/product\/ss-szent-laszlo-fedelzeten-irt-level-1903-budapestre\/"},"modified":"2025-12-05T04:06:32","modified_gmt":"2025-12-05T03:06:32","slug":"1903-magyarorszag-az-s-s-szent-laszlo-fedelzeten-irt-az-etnat-abrazolo-kepeslap-budapestre-kuldve-erdekes-szoveggel-allitolag-ma-itt-reggel-foldrenges-volt-7-kor-kot-ki-a-hajo","status":"publish","type":"product","link":"https:\/\/stampcurio.com\/hu\/termek\/1903-magyarorszag-az-s-s-szent-laszlo-fedelzeten-irt-az-etnat-abrazolo-kepeslap-budapestre-kuldve-erdekes-szoveggel-allitolag-ma-itt-reggel-foldrenges-volt-7-kor-kot-ki-a-hajo\/","title":{"rendered":"1903 Magyarorsz\u00e1g &#8211; az S\/S Szent L\u00e1szl\u00f3 fed\u00e9lzet\u00e9n \u00edrt az Etn\u00e1t \u00e1br\u00e1zol\u00f3 k\u00e9peslap Budapestre k\u00fcldve &#8211; \u00e9rdekes sz\u00f6veggel: \u201e\u00c1ll\u00edt\u00f3lag ma itt reggel f\u00f6ldreng\u00e9s volt, 7-kor k\u00f6t ki a haj\u00f3&#8230;\u201d"},"content":{"rendered":"","protected":false},"excerpt":{"rendered":"","protected":false},"featured_media":18416,"template":"","meta":[],"product_brand":[],"product_cat":[1172,1183],"product_tag":[1664,1316,1041,89],"class_list":{"0":"post-15470","1":"product","2":"type-product","3":"status-publish","4":"has-post-thumbnail","6":"product_cat-magyarorszag","7":"product_cat-olaszorszag","8":"product_tag-2nd-auction-hu","9":"product_tag-hajoposta","10":"product_tag-marcophily-hu","11":"product_tag-postatortenet","13":"first","14":"instock","15":"sold-individually","16":"shipping-taxable","17":"product-type-simple"},"_links":{"self":[{"href":"https:\/\/stampcurio.com\/hu\/wp-json\/wp\/v2\/product\/15470","targetHints":{"allow":["GET"]}}],"collection":[{"href":"https:\/\/stampcurio.com\/hu\/wp-json\/wp\/v2\/product"}],"about":[{"href":"https:\/\/stampcurio.com\/hu\/wp-json\/wp\/v2\/types\/product"}],"wp:featuredmedia":[{"embeddable":true,"href":"https:\/\/stampcurio.com\/hu\/wp-json\/wp\/v2\/media\/18416"}],"wp:attachment":[{"href":"https:\/\/stampcurio.com\/hu\/wp-json\/wp\/v2\/media?parent=15470"}],"wp:term":[{"taxonomy":"product_brand","embeddable":true,"href":"https:\/\/stampcurio.com\/hu\/wp-json\/wp\/v2\/product_brand?post=15470"},{"taxonomy":"product_cat","embeddable":true,"href":"https:\/\/stampcurio.com\/hu\/wp-json\/wp\/v2\/product_cat?post=15470"},{"taxonomy":"product_tag","embeddable":true,"href":"https:\/\/stampcurio.com\/hu\/wp-json\/wp\/v2\/product_tag?post=15470"}],"curies":[{"name":"wp","href":"https:\/\/api.w.org\/{rel}","templated":true}]}}