{"id":15469,"date":"2024-11-29T18:31:24","date_gmt":"2024-11-29T17:31:24","guid":{"rendered":"https:\/\/stampcurio.com\/product\/xxx-ss-carola-madridbol-maltara-kuldve\/"},"modified":"2025-12-05T04:06:32","modified_gmt":"2025-12-05T03:06:32","slug":"1900-magyarorszag-adria-tarsasag-s-s-carola-gozosen-feladott-kepeslap-madridbol-maltara-kuldve-peterdi-paquebot-belyegzesevel","status":"publish","type":"product","link":"https:\/\/stampcurio.com\/hu\/termek\/1900-magyarorszag-adria-tarsasag-s-s-carola-gozosen-feladott-kepeslap-madridbol-maltara-kuldve-peterdi-paquebot-belyegzesevel\/","title":{"rendered":"1900 Magyarorsz\u00e1g &#8211; Adria t\u00e1rsas\u00e1g S\/S Carola g\u0151z\u00f6s\u00e9n feladott k\u00e9peslap Madridb\u00f3l M\u00e1lt\u00e1ra k\u00fcldve, Peterdi Paquebot b\u00e9lyegz\u00e9s\u00e9vel"},"content":{"rendered":"","protected":false},"excerpt":{"rendered":"","protected":false},"featured_media":18444,"template":"","meta":[],"product_brand":[],"product_cat":[1172,1273,1196],"product_tag":[1664,1316,97,1041,1321,89],"class_list":{"0":"post-15469","1":"product","2":"type-product","3":"status-publish","4":"has-post-thumbnail","6":"product_cat-magyarorszag","7":"product_cat-malta","8":"product_cat-spanyolorszag","9":"product_tag-2nd-auction-hu","10":"product_tag-hajoposta","11":"product_tag-kepeslap","12":"product_tag-marcophily-hu","13":"product_tag-peterdi","14":"product_tag-postatortenet","16":"first","17":"instock","18":"sold-individually","19":"shipping-taxable","20":"product-type-simple"},"_links":{"self":[{"href":"https:\/\/stampcurio.com\/hu\/wp-json\/wp\/v2\/product\/15469","targetHints":{"allow":["GET"]}}],"collection":[{"href":"https:\/\/stampcurio.com\/hu\/wp-json\/wp\/v2\/product"}],"about":[{"href":"https:\/\/stampcurio.com\/hu\/wp-json\/wp\/v2\/types\/product"}],"wp:featuredmedia":[{"embeddable":true,"href":"https:\/\/stampcurio.com\/hu\/wp-json\/wp\/v2\/media\/18444"}],"wp:attachment":[{"href":"https:\/\/stampcurio.com\/hu\/wp-json\/wp\/v2\/media?parent=15469"}],"wp:term":[{"taxonomy":"product_brand","embeddable":true,"href":"https:\/\/stampcurio.com\/hu\/wp-json\/wp\/v2\/product_brand?post=15469"},{"taxonomy":"product_cat","embeddable":true,"href":"https:\/\/stampcurio.com\/hu\/wp-json\/wp\/v2\/product_cat?post=15469"},{"taxonomy":"product_tag","embeddable":true,"href":"https:\/\/stampcurio.com\/hu\/wp-json\/wp\/v2\/product_tag?post=15469"}],"curies":[{"name":"wp","href":"https:\/\/api.w.org\/{rel}","templated":true}]}}