{"id":15468,"date":"2024-11-29T18:31:24","date_gmt":"2024-11-29T17:31:24","guid":{"rendered":"https:\/\/stampcurio.com\/product\/xxx-fehertemplom-osszefuggo-tipus\/"},"modified":"2025-12-05T04:06:31","modified_gmt":"2025-12-05T03:06:31","slug":"1889-magyarorszag-3-kr-hatostomb-osszefuggo-tipus-fehertemplom-lebelyegzessel","status":"publish","type":"product","link":"https:\/\/stampcurio.com\/hu\/termek\/1889-magyarorszag-3-kr-hatostomb-osszefuggo-tipus-fehertemplom-lebelyegzessel\/","title":{"rendered":"1889 Magyarorsz\u00e1g &#8211; 3 kr hatost\u00f6mb \u00f6sszef\u00fcgg\u0151 t\u00edpus FEH\u00c9RTEMPLOM leb\u00e9lyegz\u00e9ssel"},"content":{"rendered":"","protected":false},"excerpt":{"rendered":"","protected":false},"featured_media":18742,"template":"","meta":[],"product_brand":[],"product_cat":[1172],"product_tag":[1664,116,1041],"class_list":{"0":"post-15468","1":"product","2":"type-product","3":"status-publish","4":"has-post-thumbnail","6":"product_cat-magyarorszag","7":"product_tag-2nd-auction-hu","8":"product_tag-belyeg","9":"product_tag-marcophily-hu","11":"first","12":"instock","13":"sold-individually","14":"shipping-taxable","15":"product-type-simple"},"_links":{"self":[{"href":"https:\/\/stampcurio.com\/hu\/wp-json\/wp\/v2\/product\/15468","targetHints":{"allow":["GET"]}}],"collection":[{"href":"https:\/\/stampcurio.com\/hu\/wp-json\/wp\/v2\/product"}],"about":[{"href":"https:\/\/stampcurio.com\/hu\/wp-json\/wp\/v2\/types\/product"}],"wp:featuredmedia":[{"embeddable":true,"href":"https:\/\/stampcurio.com\/hu\/wp-json\/wp\/v2\/media\/18742"}],"wp:attachment":[{"href":"https:\/\/stampcurio.com\/hu\/wp-json\/wp\/v2\/media?parent=15468"}],"wp:term":[{"taxonomy":"product_brand","embeddable":true,"href":"https:\/\/stampcurio.com\/hu\/wp-json\/wp\/v2\/product_brand?post=15468"},{"taxonomy":"product_cat","embeddable":true,"href":"https:\/\/stampcurio.com\/hu\/wp-json\/wp\/v2\/product_cat?post=15468"},{"taxonomy":"product_tag","embeddable":true,"href":"https:\/\/stampcurio.com\/hu\/wp-json\/wp\/v2\/product_tag?post=15468"}],"curies":[{"name":"wp","href":"https:\/\/api.w.org\/{rel}","templated":true}]}}