{"id":15467,"date":"2024-11-29T18:31:24","date_gmt":"2024-11-29T17:31:24","guid":{"rendered":"https:\/\/stampcurio.com\/product\/xxx-bavaniste-hatoscsik-osszefuggo-lemez-jeno-xxx\/"},"modified":"2025-12-05T04:06:31","modified_gmt":"2025-12-05T03:06:31","slug":"1889-magyarorszag-3-kr-hatoscsik-bavaniste-lebelyegzes-b4-vizjel-allas-osszefuggo-lemezen-e8-10-e5-e8","status":"publish","type":"product","link":"https:\/\/stampcurio.com\/hu\/termek\/1889-magyarorszag-3-kr-hatoscsik-bavaniste-lebelyegzes-b4-vizjel-allas-osszefuggo-lemezen-e8-10-e5-e8\/","title":{"rendered":"1889 Magyarorsz\u00e1g &#8211; 3 kr hatoscs\u00edk BAVANISTE leb\u00e9lyegz\u00e9s, B4 v\u00edzjel \u00e1ll\u00e1s, \u00f6sszef\u00fcgg\u0151 lemezen E8-10 + E5-E8"},"content":{"rendered":"","protected":false},"excerpt":{"rendered":"<p>\u00c9rdekess\u00e9g hogy a k\u00e9t sz\u00e9ls\u0151 b\u00e9lyeg megegyez\u0151 \u00edvhely: E8.<\/p>\n","protected":false},"featured_media":18777,"template":"","meta":[],"product_brand":[],"product_cat":[1172,1245],"product_tag":[1664,116,1041,217],"class_list":{"0":"post-15467","1":"product","2":"type-product","3":"status-publish","4":"has-post-thumbnail","6":"product_cat-magyarorszag","7":"product_cat-szerbia","8":"product_tag-2nd-auction-hu","9":"product_tag-belyeg","10":"product_tag-marcophily-hu","11":"product_tag-tevnyomat","13":"first","14":"instock","15":"sold-individually","16":"shipping-taxable","17":"product-type-simple"},"_links":{"self":[{"href":"https:\/\/stampcurio.com\/hu\/wp-json\/wp\/v2\/product\/15467","targetHints":{"allow":["GET"]}}],"collection":[{"href":"https:\/\/stampcurio.com\/hu\/wp-json\/wp\/v2\/product"}],"about":[{"href":"https:\/\/stampcurio.com\/hu\/wp-json\/wp\/v2\/types\/product"}],"wp:featuredmedia":[{"embeddable":true,"href":"https:\/\/stampcurio.com\/hu\/wp-json\/wp\/v2\/media\/18777"}],"wp:attachment":[{"href":"https:\/\/stampcurio.com\/hu\/wp-json\/wp\/v2\/media?parent=15467"}],"wp:term":[{"taxonomy":"product_brand","embeddable":true,"href":"https:\/\/stampcurio.com\/hu\/wp-json\/wp\/v2\/product_brand?post=15467"},{"taxonomy":"product_cat","embeddable":true,"href":"https:\/\/stampcurio.com\/hu\/wp-json\/wp\/v2\/product_cat?post=15467"},{"taxonomy":"product_tag","embeddable":true,"href":"https:\/\/stampcurio.com\/hu\/wp-json\/wp\/v2\/product_tag?post=15467"}],"curies":[{"name":"wp","href":"https:\/\/api.w.org\/{rel}","templated":true}]}}