{"id":15466,"date":"2024-11-29T18:31:23","date_gmt":"2024-11-29T17:31:23","guid":{"rendered":"https:\/\/stampcurio.com\/product\/1904-matyas-kiraly-gozoson-feladott-bari-boritek\/"},"modified":"2025-12-05T04:06:33","modified_gmt":"2025-12-05T03:06:33","slug":"1904-olaszorszag-a-matyas-kiraly-gozoson-bariban-feladott-boritek-kolozsvarra-kuldve","status":"publish","type":"product","link":"https:\/\/stampcurio.com\/hu\/termek\/1904-olaszorszag-a-matyas-kiraly-gozoson-bariban-feladott-boritek-kolozsvarra-kuldve\/","title":{"rendered":"1904 Olaszorsz\u00e1g \u2013 a M\u00e1ty\u00e1s kir\u00e1ly g\u0151z\u00f6s\u00f6n Bariban feladott bor\u00edt\u00e9k Kolozsv\u00e1rra k\u00fcldve"},"content":{"rendered":"","protected":false},"excerpt":{"rendered":"","protected":false},"featured_media":18602,"template":"","meta":[],"product_brand":[],"product_cat":[1172,1183,1208],"product_tag":[1664,1316,1041,89],"class_list":{"0":"post-15466","1":"product","2":"type-product","3":"status-publish","4":"has-post-thumbnail","6":"product_cat-magyarorszag","7":"product_cat-olaszorszag","8":"product_cat-romania","9":"product_tag-2nd-auction-hu","10":"product_tag-hajoposta","11":"product_tag-marcophily-hu","12":"product_tag-postatortenet","14":"first","15":"instock","16":"sold-individually","17":"shipping-taxable","18":"product-type-simple"},"_links":{"self":[{"href":"https:\/\/stampcurio.com\/hu\/wp-json\/wp\/v2\/product\/15466","targetHints":{"allow":["GET"]}}],"collection":[{"href":"https:\/\/stampcurio.com\/hu\/wp-json\/wp\/v2\/product"}],"about":[{"href":"https:\/\/stampcurio.com\/hu\/wp-json\/wp\/v2\/types\/product"}],"wp:featuredmedia":[{"embeddable":true,"href":"https:\/\/stampcurio.com\/hu\/wp-json\/wp\/v2\/media\/18602"}],"wp:attachment":[{"href":"https:\/\/stampcurio.com\/hu\/wp-json\/wp\/v2\/media?parent=15466"}],"wp:term":[{"taxonomy":"product_brand","embeddable":true,"href":"https:\/\/stampcurio.com\/hu\/wp-json\/wp\/v2\/product_brand?post=15466"},{"taxonomy":"product_cat","embeddable":true,"href":"https:\/\/stampcurio.com\/hu\/wp-json\/wp\/v2\/product_cat?post=15466"},{"taxonomy":"product_tag","embeddable":true,"href":"https:\/\/stampcurio.com\/hu\/wp-json\/wp\/v2\/product_tag?post=15466"}],"curies":[{"name":"wp","href":"https:\/\/api.w.org\/{rel}","templated":true}]}}