{"id":15465,"date":"2024-11-29T18:31:23","date_gmt":"2024-11-29T17:31:23","guid":{"rendered":"https:\/\/stampcurio.com\/product\/a-palermoi-kapuciner-baratok-abrazolasaval-1903-kek-szinu-adria-ungheria-belyegzovel-triestbe-paquebot-es-tengeren-belyegzokkel\/"},"modified":"2025-12-05T04:06:33","modified_gmt":"2025-12-05T03:06:33","slug":"1903-magyarorszag-a-palermoi-kapucinus-baratok-csontvazait-abrazolo-kepeslap-peterdi-paquebot-tengeren-es-kek-szinu-adria-ungherese-belyegzoivel-triesztbe-kuldve","status":"publish","type":"product","link":"https:\/\/stampcurio.com\/hu\/termek\/1903-magyarorszag-a-palermoi-kapucinus-baratok-csontvazait-abrazolo-kepeslap-peterdi-paquebot-tengeren-es-kek-szinu-adria-ungherese-belyegzoivel-triesztbe-kuldve\/","title":{"rendered":"1903 Magyarorsz\u00e1g &#8211; a palerm\u00f3i kapucinus bar\u00e1tok csontv\u00e1zait \u00e1br\u00e1zol\u00f3 k\u00e9peslap, Peterdi &#8220;Paquebot&#8221;, &#8220;Tengeren&#8221; \u00e9s k\u00e9k sz\u00edn\u0171 &#8220;Adria Ungherese&#8221; b\u00e9lyegz\u0151ivel Triesztbe k\u00fcldve"},"content":{"rendered":"","protected":false},"excerpt":{"rendered":"","protected":false},"featured_media":18426,"template":"","meta":[],"product_brand":[],"product_cat":[1172,1183],"product_tag":[1664,1316,97,1041,1321,176,89],"class_list":{"0":"post-15465","1":"product","2":"type-product","3":"status-publish","4":"has-post-thumbnail","6":"product_cat-magyarorszag","7":"product_cat-olaszorszag","8":"product_tag-2nd-auction-hu","9":"product_tag-hajoposta","10":"product_tag-kepeslap","11":"product_tag-marcophily-hu","12":"product_tag-peterdi","13":"product_tag-philagem","14":"product_tag-postatortenet","16":"first","17":"instock","18":"sold-individually","19":"shipping-taxable","20":"product-type-simple"},"_links":{"self":[{"href":"https:\/\/stampcurio.com\/hu\/wp-json\/wp\/v2\/product\/15465","targetHints":{"allow":["GET"]}}],"collection":[{"href":"https:\/\/stampcurio.com\/hu\/wp-json\/wp\/v2\/product"}],"about":[{"href":"https:\/\/stampcurio.com\/hu\/wp-json\/wp\/v2\/types\/product"}],"wp:featuredmedia":[{"embeddable":true,"href":"https:\/\/stampcurio.com\/hu\/wp-json\/wp\/v2\/media\/18426"}],"wp:attachment":[{"href":"https:\/\/stampcurio.com\/hu\/wp-json\/wp\/v2\/media?parent=15465"}],"wp:term":[{"taxonomy":"product_brand","embeddable":true,"href":"https:\/\/stampcurio.com\/hu\/wp-json\/wp\/v2\/product_brand?post=15465"},{"taxonomy":"product_cat","embeddable":true,"href":"https:\/\/stampcurio.com\/hu\/wp-json\/wp\/v2\/product_cat?post=15465"},{"taxonomy":"product_tag","embeddable":true,"href":"https:\/\/stampcurio.com\/hu\/wp-json\/wp\/v2\/product_tag?post=15465"}],"curies":[{"name":"wp","href":"https:\/\/api.w.org\/{rel}","templated":true}]}}