{"id":15464,"date":"2024-11-29T18:31:23","date_gmt":"2024-11-29T17:31:23","guid":{"rendered":"https:\/\/stampcurio.com\/product\/olasz-dijjegyes-lap-peterdi-paquebot-hazadnak-hasznalj-belyegzesekkel-speziaba-kuldve-1899\/"},"modified":"2025-12-05T04:06:32","modified_gmt":"2025-12-05T03:06:32","slug":"1899-magyarorszag-olasz-dijjegyes-levelezolap-peterdi-paquebot-es-hazadnak-hasznalj-belyegzesekkel-olaszorszagba-kuldve","status":"publish","type":"product","link":"https:\/\/stampcurio.com\/hu\/termek\/1899-magyarorszag-olasz-dijjegyes-levelezolap-peterdi-paquebot-es-hazadnak-hasznalj-belyegzesekkel-olaszorszagba-kuldve\/","title":{"rendered":"1899 Magyarorsz\u00e1g &#8211; olasz d\u00edjjegyes levelez\u0151lap Peterdi Paquebot \u00e9s &#8220;Haz\u00e1dnak haszn\u00e1lj&#8221; b\u00e9lyegz\u00e9sekkel Olaszorsz\u00e1gba k\u00fcldve"},"content":{"rendered":"","protected":false},"excerpt":{"rendered":"<p>H\u00e1toldalon albumba ragaszt\u00e1s nyomai.<\/p>\n","protected":false},"featured_media":18598,"template":"","meta":[],"product_brand":[],"product_cat":[1172,1183],"product_tag":[1664,74,1316,1041,1321,89],"class_list":{"0":"post-15464","1":"product","2":"type-product","3":"status-publish","4":"has-post-thumbnail","6":"product_cat-magyarorszag","7":"product_cat-olaszorszag","8":"product_tag-2nd-auction-hu","9":"product_tag-dijjegyes","10":"product_tag-hajoposta","11":"product_tag-marcophily-hu","12":"product_tag-peterdi","13":"product_tag-postatortenet","15":"first","16":"instock","17":"sold-individually","18":"shipping-taxable","19":"product-type-simple"},"_links":{"self":[{"href":"https:\/\/stampcurio.com\/hu\/wp-json\/wp\/v2\/product\/15464","targetHints":{"allow":["GET"]}}],"collection":[{"href":"https:\/\/stampcurio.com\/hu\/wp-json\/wp\/v2\/product"}],"about":[{"href":"https:\/\/stampcurio.com\/hu\/wp-json\/wp\/v2\/types\/product"}],"wp:featuredmedia":[{"embeddable":true,"href":"https:\/\/stampcurio.com\/hu\/wp-json\/wp\/v2\/media\/18598"}],"wp:attachment":[{"href":"https:\/\/stampcurio.com\/hu\/wp-json\/wp\/v2\/media?parent=15464"}],"wp:term":[{"taxonomy":"product_brand","embeddable":true,"href":"https:\/\/stampcurio.com\/hu\/wp-json\/wp\/v2\/product_brand?post=15464"},{"taxonomy":"product_cat","embeddable":true,"href":"https:\/\/stampcurio.com\/hu\/wp-json\/wp\/v2\/product_cat?post=15464"},{"taxonomy":"product_tag","embeddable":true,"href":"https:\/\/stampcurio.com\/hu\/wp-json\/wp\/v2\/product_tag?post=15464"}],"curies":[{"name":"wp","href":"https:\/\/api.w.org\/{rel}","templated":true}]}}