{"id":15463,"date":"2024-11-29T18:31:22","date_gmt":"2024-11-29T17:31:22","guid":{"rendered":"https:\/\/stampcurio.com\/product\/xxx-olaszorszagba-feladott-peterdi-hajoposta-postali-italiani-piroscafi-belyegzesnek-utana-keresni-ss-carola-hajobelyegzovel\/"},"modified":"2025-12-05T04:06:34","modified_gmt":"2025-12-05T03:06:34","slug":"1898-magyarorszag-tengeren-feladott-olaszorszagban-postazott-peterdi-hajoposta-postali-italiani-piroscafi-belyegzessel-s-s-carola-hajobelyegzovel","status":"publish","type":"product","link":"https:\/\/stampcurio.com\/hu\/termek\/1898-magyarorszag-tengeren-feladott-olaszorszagban-postazott-peterdi-hajoposta-postali-italiani-piroscafi-belyegzessel-s-s-carola-hajobelyegzovel\/","title":{"rendered":"1898 Magyarorsz\u00e1g &#8211;  tengeren feladott Olaszorsz\u00e1gban post\u00e1zott Peterdi haj\u00f3posta &#8220;Postali Italiani Piroscafi&#8221; b\u00e9lyegz\u00e9ssel, S\/S Carola haj\u00f3b\u00e9lyegz\u0151vel"},"content":{"rendered":"","protected":false},"excerpt":{"rendered":"","protected":false},"featured_media":24514,"template":"","meta":[],"product_brand":[],"product_cat":[1172,1183],"product_tag":[1664,116,1316,1041,1321,176,89],"class_list":{"0":"post-15463","1":"product","2":"type-product","3":"status-publish","4":"has-post-thumbnail","6":"product_cat-magyarorszag","7":"product_cat-olaszorszag","8":"product_tag-2nd-auction-hu","9":"product_tag-belyeg","10":"product_tag-hajoposta","11":"product_tag-marcophily-hu","12":"product_tag-peterdi","13":"product_tag-philagem","14":"product_tag-postatortenet","16":"first","17":"instock","18":"sold-individually","19":"shipping-taxable","20":"product-type-simple"},"_links":{"self":[{"href":"https:\/\/stampcurio.com\/hu\/wp-json\/wp\/v2\/product\/15463","targetHints":{"allow":["GET"]}}],"collection":[{"href":"https:\/\/stampcurio.com\/hu\/wp-json\/wp\/v2\/product"}],"about":[{"href":"https:\/\/stampcurio.com\/hu\/wp-json\/wp\/v2\/types\/product"}],"wp:featuredmedia":[{"embeddable":true,"href":"https:\/\/stampcurio.com\/hu\/wp-json\/wp\/v2\/media\/24514"}],"wp:attachment":[{"href":"https:\/\/stampcurio.com\/hu\/wp-json\/wp\/v2\/media?parent=15463"}],"wp:term":[{"taxonomy":"product_brand","embeddable":true,"href":"https:\/\/stampcurio.com\/hu\/wp-json\/wp\/v2\/product_brand?post=15463"},{"taxonomy":"product_cat","embeddable":true,"href":"https:\/\/stampcurio.com\/hu\/wp-json\/wp\/v2\/product_cat?post=15463"},{"taxonomy":"product_tag","embeddable":true,"href":"https:\/\/stampcurio.com\/hu\/wp-json\/wp\/v2\/product_tag?post=15463"}],"curies":[{"name":"wp","href":"https:\/\/api.w.org\/{rel}","templated":true}]}}