{"id":15462,"date":"2024-11-29T18:31:22","date_gmt":"2024-11-29T17:31:22","guid":{"rendered":"https:\/\/stampcurio.com\/product\/peterdi-maltan-feladott-hajoposta-level-kikotoben-paquebot-belyegzessel-maltai-szelvenyes-half-penny-belyeggel-1896-99-kerdes-bariba-kuldve\/"},"modified":"2025-12-05T04:06:34","modified_gmt":"2025-12-05T03:06:34","slug":"1896-magyarorszag-maltan-feladott-peterdi-hajoposta-level-kikotoben-paquebot-belyegzesekkel-maltai-szelvenyes-half-penny-belyeggel-olaszorszagba-kuldve","status":"publish","type":"product","link":"https:\/\/stampcurio.com\/hu\/termek\/1896-magyarorszag-maltan-feladott-peterdi-hajoposta-level-kikotoben-paquebot-belyegzesekkel-maltai-szelvenyes-half-penny-belyeggel-olaszorszagba-kuldve\/","title":{"rendered":"1896 Magyarorsz\u00e1g &#8211; M\u00e1lt\u00e1n feladott Peterdi haj\u00f3posta lev\u00e9l &#8220;Kik\u00f6t\u0151ben&#8221; + Paquebot b\u00e9lyegz\u00e9sekkel, m\u00e1ltai szelv\u00e9nyes Half Penny b\u00e9lyeggel Olaszorsz\u00e1gba k\u00fcldve"},"content":{"rendered":"","protected":false},"excerpt":{"rendered":"","protected":false},"featured_media":18406,"template":"","meta":[],"product_brand":[],"product_cat":[1172,1273,1183],"product_tag":[1664,116,1316,1041,1321,176,89],"class_list":{"0":"post-15462","1":"product","2":"type-product","3":"status-publish","4":"has-post-thumbnail","6":"product_cat-magyarorszag","7":"product_cat-malta","8":"product_cat-olaszorszag","9":"product_tag-2nd-auction-hu","10":"product_tag-belyeg","11":"product_tag-hajoposta","12":"product_tag-marcophily-hu","13":"product_tag-peterdi","14":"product_tag-philagem","15":"product_tag-postatortenet","17":"first","18":"instock","19":"sold-individually","20":"shipping-taxable","21":"product-type-simple"},"_links":{"self":[{"href":"https:\/\/stampcurio.com\/hu\/wp-json\/wp\/v2\/product\/15462","targetHints":{"allow":["GET"]}}],"collection":[{"href":"https:\/\/stampcurio.com\/hu\/wp-json\/wp\/v2\/product"}],"about":[{"href":"https:\/\/stampcurio.com\/hu\/wp-json\/wp\/v2\/types\/product"}],"wp:featuredmedia":[{"embeddable":true,"href":"https:\/\/stampcurio.com\/hu\/wp-json\/wp\/v2\/media\/18406"}],"wp:attachment":[{"href":"https:\/\/stampcurio.com\/hu\/wp-json\/wp\/v2\/media?parent=15462"}],"wp:term":[{"taxonomy":"product_brand","embeddable":true,"href":"https:\/\/stampcurio.com\/hu\/wp-json\/wp\/v2\/product_brand?post=15462"},{"taxonomy":"product_cat","embeddable":true,"href":"https:\/\/stampcurio.com\/hu\/wp-json\/wp\/v2\/product_cat?post=15462"},{"taxonomy":"product_tag","embeddable":true,"href":"https:\/\/stampcurio.com\/hu\/wp-json\/wp\/v2\/product_tag?post=15462"}],"curies":[{"name":"wp","href":"https:\/\/api.w.org\/{rel}","templated":true}]}}