{"id":15461,"date":"2024-11-29T18:31:22","date_gmt":"2024-11-29T17:31:22","guid":{"rendered":"https:\/\/stampcurio.com\/product\/peterdi-hajoposta-level-1898-francia-peterdi-piros-feher-zold-belyegzoje-almerebol-marseillebe-kuldott-levelen-az-egyik-1-kr-belyeg-vagott\/"},"modified":"2025-12-05T04:06:33","modified_gmt":"2025-12-05T03:06:33","slug":"1898-magyarorszag-peterdi-hajoposta-level-almerebol-marseille-be-kuldve-peterdi-piros-feher-zold-belyegzojevel-az-egyik-1-kr-belyeg-vagott","status":"publish","type":"product","link":"https:\/\/stampcurio.com\/hu\/termek\/1898-magyarorszag-peterdi-hajoposta-level-almerebol-marseille-be-kuldve-peterdi-piros-feher-zold-belyegzojevel-az-egyik-1-kr-belyeg-vagott\/","title":{"rendered":"1898 Magyarorsz\u00e1g &#8211; Peterdi haj\u00f3posta lev\u00e9l Almer\u00e9b\u0151l Marseille-be k\u00fcldve, Peterdi piros-feh\u00e9r-z\u00f6ld b\u00e9lyegz\u0151j\u00e9vel + az egyik 1 kr b\u00e9lyeg v\u00e1gott"},"content":{"rendered":"","protected":false},"excerpt":{"rendered":"","protected":false},"featured_media":18622,"template":"","meta":[],"product_brand":[],"product_cat":[1181,1259,1172],"product_tag":[1664,116,1316,1041,1321,176,89,217],"class_list":{"0":"post-15461","1":"product","2":"type-product","3":"status-publish","4":"has-post-thumbnail","6":"product_cat-franciaorszag","7":"product_cat-hollandia","8":"product_cat-magyarorszag","9":"product_tag-2nd-auction-hu","10":"product_tag-belyeg","11":"product_tag-hajoposta","12":"product_tag-marcophily-hu","13":"product_tag-peterdi","14":"product_tag-philagem","15":"product_tag-postatortenet","16":"product_tag-tevnyomat","18":"first","19":"instock","20":"sold-individually","21":"shipping-taxable","22":"product-type-simple"},"_links":{"self":[{"href":"https:\/\/stampcurio.com\/hu\/wp-json\/wp\/v2\/product\/15461","targetHints":{"allow":["GET"]}}],"collection":[{"href":"https:\/\/stampcurio.com\/hu\/wp-json\/wp\/v2\/product"}],"about":[{"href":"https:\/\/stampcurio.com\/hu\/wp-json\/wp\/v2\/types\/product"}],"wp:featuredmedia":[{"embeddable":true,"href":"https:\/\/stampcurio.com\/hu\/wp-json\/wp\/v2\/media\/18622"}],"wp:attachment":[{"href":"https:\/\/stampcurio.com\/hu\/wp-json\/wp\/v2\/media?parent=15461"}],"wp:term":[{"taxonomy":"product_brand","embeddable":true,"href":"https:\/\/stampcurio.com\/hu\/wp-json\/wp\/v2\/product_brand?post=15461"},{"taxonomy":"product_cat","embeddable":true,"href":"https:\/\/stampcurio.com\/hu\/wp-json\/wp\/v2\/product_cat?post=15461"},{"taxonomy":"product_tag","embeddable":true,"href":"https:\/\/stampcurio.com\/hu\/wp-json\/wp\/v2\/product_tag?post=15461"}],"curies":[{"name":"wp","href":"https:\/\/api.w.org\/{rel}","templated":true}]}}