{"id":15460,"date":"2024-11-29T18:31:21","date_gmt":"2024-11-29T17:31:21","guid":{"rendered":"https:\/\/stampcurio.com\/product\/peterdi-fiume-korfu-1906-masodik-sulyu-level-korfu-szigetere-egyik-belyeg-sarka-hianyzik\/"},"modified":"2025-12-05T04:06:34","modified_gmt":"2025-12-05T03:06:34","slug":"1906-magyarorszag-fiume-2-sulyu-level-korfu-szigetere-kuldve","status":"publish","type":"product","link":"https:\/\/stampcurio.com\/hu\/termek\/1906-magyarorszag-fiume-2-sulyu-level-korfu-szigetere-kuldve\/","title":{"rendered":"1906 Magyarorsz\u00e1g \/ Fiume &#8211; 2. s\u00faly\u00fa lev\u00e9l Korfu sziget\u00e9re k\u00fcldve"},"content":{"rendered":"","protected":false},"excerpt":{"rendered":"","protected":false},"featured_media":18454,"template":"","meta":[],"product_brand":[],"product_cat":[1275,1207,1192,1172],"product_tag":[1664,1316,89],"class_list":{"0":"post-15460","1":"product","2":"type-product","3":"status-publish","4":"has-post-thumbnail","6":"product_cat-fiume","7":"product_cat-gorogorszag","8":"product_cat-horvatorszag","9":"product_cat-magyarorszag","10":"product_tag-2nd-auction-hu","11":"product_tag-hajoposta","12":"product_tag-postatortenet","14":"first","15":"instock","16":"sold-individually","17":"shipping-taxable","18":"product-type-simple"},"_links":{"self":[{"href":"https:\/\/stampcurio.com\/hu\/wp-json\/wp\/v2\/product\/15460","targetHints":{"allow":["GET"]}}],"collection":[{"href":"https:\/\/stampcurio.com\/hu\/wp-json\/wp\/v2\/product"}],"about":[{"href":"https:\/\/stampcurio.com\/hu\/wp-json\/wp\/v2\/types\/product"}],"wp:featuredmedia":[{"embeddable":true,"href":"https:\/\/stampcurio.com\/hu\/wp-json\/wp\/v2\/media\/18454"}],"wp:attachment":[{"href":"https:\/\/stampcurio.com\/hu\/wp-json\/wp\/v2\/media?parent=15460"}],"wp:term":[{"taxonomy":"product_brand","embeddable":true,"href":"https:\/\/stampcurio.com\/hu\/wp-json\/wp\/v2\/product_brand?post=15460"},{"taxonomy":"product_cat","embeddable":true,"href":"https:\/\/stampcurio.com\/hu\/wp-json\/wp\/v2\/product_cat?post=15460"},{"taxonomy":"product_tag","embeddable":true,"href":"https:\/\/stampcurio.com\/hu\/wp-json\/wp\/v2\/product_tag?post=15460"}],"curies":[{"name":"wp","href":"https:\/\/api.w.org\/{rel}","templated":true}]}}