{"id":15459,"date":"2024-11-29T18:31:19","date_gmt":"2024-11-29T17:31:19","guid":{"rendered":"https:\/\/stampcurio.com\/product\/xxx-ungarokroatia-olasz-nyelvu-hajokapitany-igazolvany\/"},"modified":"2025-12-05T04:06:35","modified_gmt":"2025-12-05T03:06:35","slug":"1911-magyarorszag-ungaro-croata-hajozasi-vallalat-olasz-nyelvu-hajos-kapitanyi-igazolvanya","status":"publish","type":"product","link":"https:\/\/stampcurio.com\/hu\/termek\/1911-magyarorszag-ungaro-croata-hajozasi-vallalat-olasz-nyelvu-hajos-kapitanyi-igazolvanya\/","title":{"rendered":"1911 Magyarorsz\u00e1g &#8211;  Ungaro-Croata haj\u00f3z\u00e1si v\u00e1llalat olasz nyelv\u0171 haj\u00f3s kapit\u00e1nyi igazolv\u00e1nya"},"content":{"rendered":"","protected":false},"excerpt":{"rendered":"","protected":false},"featured_media":18592,"template":"","meta":[],"product_brand":[],"product_cat":[1183],"product_tag":[1664,1325,176],"class_list":{"0":"post-15459","1":"product","2":"type-product","3":"status-publish","4":"has-post-thumbnail","6":"product_cat-olaszorszag","7":"product_tag-2nd-auction-hu","8":"product_tag-hajo","9":"product_tag-philagem","11":"first","12":"instock","13":"sold-individually","14":"shipping-taxable","15":"product-type-simple"},"_links":{"self":[{"href":"https:\/\/stampcurio.com\/hu\/wp-json\/wp\/v2\/product\/15459","targetHints":{"allow":["GET"]}}],"collection":[{"href":"https:\/\/stampcurio.com\/hu\/wp-json\/wp\/v2\/product"}],"about":[{"href":"https:\/\/stampcurio.com\/hu\/wp-json\/wp\/v2\/types\/product"}],"wp:featuredmedia":[{"embeddable":true,"href":"https:\/\/stampcurio.com\/hu\/wp-json\/wp\/v2\/media\/18592"}],"wp:attachment":[{"href":"https:\/\/stampcurio.com\/hu\/wp-json\/wp\/v2\/media?parent=15459"}],"wp:term":[{"taxonomy":"product_brand","embeddable":true,"href":"https:\/\/stampcurio.com\/hu\/wp-json\/wp\/v2\/product_brand?post=15459"},{"taxonomy":"product_cat","embeddable":true,"href":"https:\/\/stampcurio.com\/hu\/wp-json\/wp\/v2\/product_cat?post=15459"},{"taxonomy":"product_tag","embeddable":true,"href":"https:\/\/stampcurio.com\/hu\/wp-json\/wp\/v2\/product_tag?post=15459"}],"curies":[{"name":"wp","href":"https:\/\/api.w.org\/{rel}","templated":true}]}}