{"id":15458,"date":"2024-11-29T18:31:19","date_gmt":"2024-11-29T17:31:19","guid":{"rendered":"https:\/\/stampcurio.com\/product\/10-f-dijjegyes-levlap-2x-portozva-eloszor-koztarsasag-masodszor-magyar-posta-portobelyegekkel-ritka-kordokumentum-1920-feb-13-fenekpuszta\/"},"modified":"2025-12-05T04:06:35","modified_gmt":"2025-12-05T03:06:35","slug":"1920-magyarorszag-fenekpuszta-dijjegyes-levelezesi-lap-ketszer-portozva-eloszor-a-koztarsasag-majd-magyar-posta-porto-belyegekkel","status":"publish","type":"product","link":"https:\/\/stampcurio.com\/hu\/termek\/1920-magyarorszag-fenekpuszta-dijjegyes-levelezesi-lap-ketszer-portozva-eloszor-a-koztarsasag-majd-magyar-posta-porto-belyegekkel\/","title":{"rendered":"1920 Magyarorsz\u00e1g \/ Fen\u00e9kpuszta &#8211; d\u00edjjegyes levelez\u00e9si lap k\u00e9tszer port\u00f3zva: el\u0151sz\u00f6r a K\u00f6zt\u00e1rsas\u00e1g, majd Magyar Posta port\u00f3 b\u00e9lyegekkel"},"content":{"rendered":"","protected":false},"excerpt":{"rendered":"","protected":false},"featured_media":18450,"template":"","meta":[],"product_brand":[],"product_cat":[1172],"product_tag":[1664,74,108,89],"class_list":{"0":"post-15458","1":"product","2":"type-product","3":"status-publish","4":"has-post-thumbnail","6":"product_cat-magyarorszag","7":"product_tag-2nd-auction-hu","8":"product_tag-dijjegyes","9":"product_tag-porto","10":"product_tag-postatortenet","12":"first","13":"instock","14":"sold-individually","15":"shipping-taxable","16":"product-type-simple"},"_links":{"self":[{"href":"https:\/\/stampcurio.com\/hu\/wp-json\/wp\/v2\/product\/15458","targetHints":{"allow":["GET"]}}],"collection":[{"href":"https:\/\/stampcurio.com\/hu\/wp-json\/wp\/v2\/product"}],"about":[{"href":"https:\/\/stampcurio.com\/hu\/wp-json\/wp\/v2\/types\/product"}],"wp:featuredmedia":[{"embeddable":true,"href":"https:\/\/stampcurio.com\/hu\/wp-json\/wp\/v2\/media\/18450"}],"wp:attachment":[{"href":"https:\/\/stampcurio.com\/hu\/wp-json\/wp\/v2\/media?parent=15458"}],"wp:term":[{"taxonomy":"product_brand","embeddable":true,"href":"https:\/\/stampcurio.com\/hu\/wp-json\/wp\/v2\/product_brand?post=15458"},{"taxonomy":"product_cat","embeddable":true,"href":"https:\/\/stampcurio.com\/hu\/wp-json\/wp\/v2\/product_cat?post=15458"},{"taxonomy":"product_tag","embeddable":true,"href":"https:\/\/stampcurio.com\/hu\/wp-json\/wp\/v2\/product_tag?post=15458"}],"curies":[{"name":"wp","href":"https:\/\/api.w.org\/{rel}","templated":true}]}}