{"id":15457,"date":"2024-11-29T18:31:19","date_gmt":"2024-11-29T17:31:19","guid":{"rendered":"https:\/\/stampcurio.com\/product\/1895-bzdapest-helyi-level-15-2-krajcaros-belyeggel\/"},"modified":"2025-12-05T04:06:35","modified_gmt":"2025-12-05T03:06:35","slug":"1895-magyarorszag-budapest-tarifahelyes-helyi-level-masfel-2-krajcaros-belyeggel-bermentesitve-feltehetoleg-filatelista-futtatas","status":"publish","type":"product","link":"https:\/\/stampcurio.com\/hu\/termek\/1895-magyarorszag-budapest-tarifahelyes-helyi-level-masfel-2-krajcaros-belyeggel-bermentesitve-feltehetoleg-filatelista-futtatas\/","title":{"rendered":"1895 Magyarorsz\u00e1g &#8211; Budapest tarifahelyes helyi lev\u00e9l m\u00e1sf\u00e9l 2 krajc\u00e1ros b\u00e9lyeggel b\u00e9rmentes\u00edtve feltehet\u0151leg filatelista futtat\u00e1s"},"content":{"rendered":"","protected":false},"excerpt":{"rendered":"","protected":false},"featured_media":18664,"template":"","meta":[],"product_brand":[],"product_cat":[1172],"product_tag":[1664,116,89],"class_list":{"0":"post-15457","1":"product","2":"type-product","3":"status-publish","4":"has-post-thumbnail","6":"product_cat-magyarorszag","7":"product_tag-2nd-auction-hu","8":"product_tag-belyeg","9":"product_tag-postatortenet","11":"first","12":"instock","13":"sold-individually","14":"shipping-taxable","15":"product-type-simple"},"_links":{"self":[{"href":"https:\/\/stampcurio.com\/hu\/wp-json\/wp\/v2\/product\/15457","targetHints":{"allow":["GET"]}}],"collection":[{"href":"https:\/\/stampcurio.com\/hu\/wp-json\/wp\/v2\/product"}],"about":[{"href":"https:\/\/stampcurio.com\/hu\/wp-json\/wp\/v2\/types\/product"}],"wp:featuredmedia":[{"embeddable":true,"href":"https:\/\/stampcurio.com\/hu\/wp-json\/wp\/v2\/media\/18664"}],"wp:attachment":[{"href":"https:\/\/stampcurio.com\/hu\/wp-json\/wp\/v2\/media?parent=15457"}],"wp:term":[{"taxonomy":"product_brand","embeddable":true,"href":"https:\/\/stampcurio.com\/hu\/wp-json\/wp\/v2\/product_brand?post=15457"},{"taxonomy":"product_cat","embeddable":true,"href":"https:\/\/stampcurio.com\/hu\/wp-json\/wp\/v2\/product_cat?post=15457"},{"taxonomy":"product_tag","embeddable":true,"href":"https:\/\/stampcurio.com\/hu\/wp-json\/wp\/v2\/product_tag?post=15457"}],"curies":[{"name":"wp","href":"https:\/\/api.w.org\/{rel}","templated":true}]}}