{"id":15456,"date":"2024-11-29T18:31:18","date_gmt":"2024-11-29T17:31:18","guid":{"rendered":"https:\/\/stampcurio.com\/product\/xxx-konyomat-tipussor-levelen\/"},"modified":"2025-12-05T04:06:36","modified_gmt":"2025-12-05T03:06:36","slug":"1871-magyarorszag-5-kr-konyomat-tipussor-leveleken-az-osszes-tipus-kozte-a-ritka-i-tipusu-konyomatos-belyeg-is","status":"publish","type":"product","link":"https:\/\/stampcurio.com\/hu\/termek\/1871-magyarorszag-5-kr-konyomat-tipussor-leveleken-az-osszes-tipus-kozte-a-ritka-i-tipusu-konyomatos-belyeg-is\/","title":{"rendered":"1871 Magyarorsz\u00e1g &#8211; 5 kr k\u0151nyomat t\u00edpussor leveleken (!!), az \u00d6SSZES t\u00edpus, k\u00f6zte a ritka I. t\u00edpus\u00fa k\u0151nyomatos b\u00e9lyeg is"},"content":{"rendered":"","protected":false},"excerpt":{"rendered":"","protected":false},"featured_media":23824,"template":"","meta":[],"product_brand":[],"product_cat":[1172],"product_tag":[1664,116,176,89,1631,1006],"class_list":{"0":"post-15456","1":"product","2":"type-product","3":"status-publish","4":"has-post-thumbnail","6":"product_cat-magyarorszag","7":"product_tag-2nd-auction-hu","8":"product_tag-belyeg","9":"product_tag-philagem","10":"product_tag-postatortenet","11":"product_tag-pre-upu","12":"product_tag-unsold","14":"first","15":"instock","16":"sold-individually","17":"shipping-taxable","18":"product-type-simple"},"_links":{"self":[{"href":"https:\/\/stampcurio.com\/hu\/wp-json\/wp\/v2\/product\/15456","targetHints":{"allow":["GET"]}}],"collection":[{"href":"https:\/\/stampcurio.com\/hu\/wp-json\/wp\/v2\/product"}],"about":[{"href":"https:\/\/stampcurio.com\/hu\/wp-json\/wp\/v2\/types\/product"}],"wp:featuredmedia":[{"embeddable":true,"href":"https:\/\/stampcurio.com\/hu\/wp-json\/wp\/v2\/media\/23824"}],"wp:attachment":[{"href":"https:\/\/stampcurio.com\/hu\/wp-json\/wp\/v2\/media?parent=15456"}],"wp:term":[{"taxonomy":"product_brand","embeddable":true,"href":"https:\/\/stampcurio.com\/hu\/wp-json\/wp\/v2\/product_brand?post=15456"},{"taxonomy":"product_cat","embeddable":true,"href":"https:\/\/stampcurio.com\/hu\/wp-json\/wp\/v2\/product_cat?post=15456"},{"taxonomy":"product_tag","embeddable":true,"href":"https:\/\/stampcurio.com\/hu\/wp-json\/wp\/v2\/product_tag?post=15456"}],"curies":[{"name":"wp","href":"https:\/\/api.w.org\/{rel}","templated":true}]}}