{"id":15455,"date":"2024-11-29T18:31:18","date_gmt":"2024-11-29T17:31:18","guid":{"rendered":"https:\/\/stampcurio.com\/product\/1871-reznyomat-kis-meretu-levelken-ritka-bolkacs-lebelyegzes-g-250\/"},"modified":"2025-12-05T04:06:36","modified_gmt":"2025-12-05T03:06:36","slug":"1871-magyarorszag-5-kr-reznyomat-kis-meretu-levelken-ritka-bolkacs-lebelyegzes-gudlin-250-pont","status":"publish","type":"product","link":"https:\/\/stampcurio.com\/hu\/termek\/1871-magyarorszag-5-kr-reznyomat-kis-meretu-levelken-ritka-bolkacs-lebelyegzes-gudlin-250-pont\/","title":{"rendered":"1871 Magyarorsz\u00e1g &#8211; 5 kr r\u00e9znyomat, kis m\u00e9ret\u0171 lev\u00e9lk\u00e9n, ritka BOLK\u00c1CS leb\u00e9lyegz\u00e9s | Gudlin: 250 pont"},"content":{"rendered":"","protected":false},"excerpt":{"rendered":"","protected":false},"featured_media":18558,"template":"","meta":[],"product_brand":[],"product_cat":[1172,1208],"product_tag":[1664,116,1041,89],"class_list":{"0":"post-15455","1":"product","2":"type-product","3":"status-publish","4":"has-post-thumbnail","6":"product_cat-magyarorszag","7":"product_cat-romania","8":"product_tag-2nd-auction-hu","9":"product_tag-belyeg","10":"product_tag-marcophily-hu","11":"product_tag-postatortenet","13":"first","14":"instock","15":"sold-individually","16":"shipping-taxable","17":"product-type-simple"},"_links":{"self":[{"href":"https:\/\/stampcurio.com\/hu\/wp-json\/wp\/v2\/product\/15455","targetHints":{"allow":["GET"]}}],"collection":[{"href":"https:\/\/stampcurio.com\/hu\/wp-json\/wp\/v2\/product"}],"about":[{"href":"https:\/\/stampcurio.com\/hu\/wp-json\/wp\/v2\/types\/product"}],"wp:featuredmedia":[{"embeddable":true,"href":"https:\/\/stampcurio.com\/hu\/wp-json\/wp\/v2\/media\/18558"}],"wp:attachment":[{"href":"https:\/\/stampcurio.com\/hu\/wp-json\/wp\/v2\/media?parent=15455"}],"wp:term":[{"taxonomy":"product_brand","embeddable":true,"href":"https:\/\/stampcurio.com\/hu\/wp-json\/wp\/v2\/product_brand?post=15455"},{"taxonomy":"product_cat","embeddable":true,"href":"https:\/\/stampcurio.com\/hu\/wp-json\/wp\/v2\/product_cat?post=15455"},{"taxonomy":"product_tag","embeddable":true,"href":"https:\/\/stampcurio.com\/hu\/wp-json\/wp\/v2\/product_tag?post=15455"}],"curies":[{"name":"wp","href":"https:\/\/api.w.org\/{rel}","templated":true}]}}