{"id":15454,"date":"2024-11-29T18:31:18","date_gmt":"2024-11-29T17:31:18","guid":{"rendered":"https:\/\/stampcurio.com\/product\/1871-74-vegyes-bermentesites-kivagason-villany-lebelyegzessel\/"},"modified":"2025-12-05T04:06:36","modified_gmt":"2025-12-05T03:06:36","slug":"1871-74-magyarorszag-vegyes-bermentesites-kivagason-villany-lebelyegzessel-gudlin-30080-pont","status":"publish","type":"product","link":"https:\/\/stampcurio.com\/hu\/termek\/1871-74-magyarorszag-vegyes-bermentesites-kivagason-villany-lebelyegzessel-gudlin-30080-pont\/","title":{"rendered":"1871\/74 Magyarorsz\u00e1g &#8211; vegyes b\u00e9rmentes\u00edt\u00e9s kiv\u00e1g\u00e1son VILL\u00c1NY leb\u00e9lyegz\u00e9ssel \/ Gudlin 300+80 pont"},"content":{"rendered":"","protected":false},"excerpt":{"rendered":"","protected":false},"featured_media":18825,"template":"","meta":[],"product_brand":[],"product_cat":[1172],"product_tag":[1664,116,1041,89,172],"class_list":{"0":"post-15454","1":"product","2":"type-product","3":"status-publish","4":"has-post-thumbnail","6":"product_cat-magyarorszag","7":"product_tag-2nd-auction-hu","8":"product_tag-belyeg","9":"product_tag-marcophily-hu","10":"product_tag-postatortenet","11":"product_tag-vegyes-bermentesites","13":"first","14":"instock","15":"sold-individually","16":"shipping-taxable","17":"product-type-simple"},"_links":{"self":[{"href":"https:\/\/stampcurio.com\/hu\/wp-json\/wp\/v2\/product\/15454","targetHints":{"allow":["GET"]}}],"collection":[{"href":"https:\/\/stampcurio.com\/hu\/wp-json\/wp\/v2\/product"}],"about":[{"href":"https:\/\/stampcurio.com\/hu\/wp-json\/wp\/v2\/types\/product"}],"wp:featuredmedia":[{"embeddable":true,"href":"https:\/\/stampcurio.com\/hu\/wp-json\/wp\/v2\/media\/18825"}],"wp:attachment":[{"href":"https:\/\/stampcurio.com\/hu\/wp-json\/wp\/v2\/media?parent=15454"}],"wp:term":[{"taxonomy":"product_brand","embeddable":true,"href":"https:\/\/stampcurio.com\/hu\/wp-json\/wp\/v2\/product_brand?post=15454"},{"taxonomy":"product_cat","embeddable":true,"href":"https:\/\/stampcurio.com\/hu\/wp-json\/wp\/v2\/product_cat?post=15454"},{"taxonomy":"product_tag","embeddable":true,"href":"https:\/\/stampcurio.com\/hu\/wp-json\/wp\/v2\/product_tag?post=15454"}],"curies":[{"name":"wp","href":"https:\/\/api.w.org\/{rel}","templated":true}]}}