{"id":15453,"date":"2024-11-29T18:31:17","date_gmt":"2024-11-29T17:31:17","guid":{"rendered":"https:\/\/stampcurio.com\/product\/1888-auguszus-utanvetes-szallitolevel-5-kg-36-kr-korai-belyeges-szallito-3-honap\/"},"modified":"2025-12-05T04:06:38","modified_gmt":"2025-12-05T03:06:38","slug":"1888-magyarorszag-5-kg-sulyu-csomag-utanvetes-szallitolevele-36-kr-bermentesitessel-korai-3-honap-belyeges-ketnyelvu-horvat-magyar-dijjegyes-szallitolevel-savski-marof-lebelyegzessel","status":"publish","type":"product","link":"https:\/\/stampcurio.com\/hu\/termek\/1888-magyarorszag-5-kg-sulyu-csomag-utanvetes-szallitolevele-36-kr-bermentesitessel-korai-3-honap-belyeges-ketnyelvu-horvat-magyar-dijjegyes-szallitolevel-savski-marof-lebelyegzessel\/","title":{"rendered":"1888 Magyarorsz\u00e1g \u2013 5 kg s\u00faly\u00fa csomag ut\u00e1nv\u00e9tes sz\u00e1ll\u00edt\u00f3levele 36 kr b\u00e9rmentes\u00edt\u00e9ssel. Korai (3. h\u00f3nap) b\u00e9lyeges k\u00e9tnyelv\u0171 (horv\u00e1t &#8211; magyar) d\u00edjjegyes sz\u00e1ll\u00edt\u00f3lev\u00e9l SAVSKI-MAROF leb\u00e9lyegz\u00e9ssel, sztereo b\u00e9lyegekkel."},"content":{"rendered":"","protected":false},"excerpt":{"rendered":"","protected":false},"featured_media":18478,"template":"","meta":[],"product_brand":[],"product_cat":[1192,1172],"product_tag":[1664,116,1041,89,157,1006],"class_list":{"0":"post-15453","1":"product","2":"type-product","3":"status-publish","4":"has-post-thumbnail","6":"product_cat-horvatorszag","7":"product_cat-magyarorszag","8":"product_tag-2nd-auction-hu","9":"product_tag-belyeg","10":"product_tag-marcophily-hu","11":"product_tag-postatortenet","12":"product_tag-szallitolevel","13":"product_tag-unsold","15":"first","16":"instock","17":"sold-individually","18":"shipping-taxable","19":"product-type-simple"},"_links":{"self":[{"href":"https:\/\/stampcurio.com\/hu\/wp-json\/wp\/v2\/product\/15453","targetHints":{"allow":["GET"]}}],"collection":[{"href":"https:\/\/stampcurio.com\/hu\/wp-json\/wp\/v2\/product"}],"about":[{"href":"https:\/\/stampcurio.com\/hu\/wp-json\/wp\/v2\/types\/product"}],"wp:featuredmedia":[{"embeddable":true,"href":"https:\/\/stampcurio.com\/hu\/wp-json\/wp\/v2\/media\/18478"}],"wp:attachment":[{"href":"https:\/\/stampcurio.com\/hu\/wp-json\/wp\/v2\/media?parent=15453"}],"wp:term":[{"taxonomy":"product_brand","embeddable":true,"href":"https:\/\/stampcurio.com\/hu\/wp-json\/wp\/v2\/product_brand?post=15453"},{"taxonomy":"product_cat","embeddable":true,"href":"https:\/\/stampcurio.com\/hu\/wp-json\/wp\/v2\/product_cat?post=15453"},{"taxonomy":"product_tag","embeddable":true,"href":"https:\/\/stampcurio.com\/hu\/wp-json\/wp\/v2\/product_tag?post=15453"}],"curies":[{"name":"wp","href":"https:\/\/api.w.org\/{rel}","templated":true}]}}