{"id":15452,"date":"2024-11-29T18:31:17","date_gmt":"2024-11-29T17:31:17","guid":{"rendered":"https:\/\/stampcurio.com\/product\/budapest-balassagyarmat-3-tavzona-20-kg-csomag-csomagkezbesitopostahivatalba-kuldve-10-f-tulberment-1913-turul-1-k-harmascsik-6-belyeges-latvanyos-turulos-dijlerovas\/"},"modified":"2025-12-05T04:06:37","modified_gmt":"2025-12-05T03:06:37","slug":"1913-magyarorszag-budapestrol-balassagyarmatra-csomagkezbesito-postahivatal-kuldott-18-kg-sulyu-csomag-szallitolevele-latvanyos-turulos-dijlerovassal","status":"publish","type":"product","link":"https:\/\/stampcurio.com\/hu\/termek\/1913-magyarorszag-budapestrol-balassagyarmatra-csomagkezbesito-postahivatal-kuldott-18-kg-sulyu-csomag-szallitolevele-latvanyos-turulos-dijlerovassal\/","title":{"rendered":"1913 Magyarorsz\u00e1g &#8211; Budapestr\u0151l Balassagyarmatra (csomagk\u00e9zbes\u00edt\u0151 postahivatal) k\u00fcld\u00f6tt 18 kg s\u00faly\u00fa csomag sz\u00e1ll\u00edt\u00f3levele &#8211; l\u00e1tv\u00e1nyos turulos d\u00edjlerov\u00e1ssal."},"content":{"rendered":"","protected":false},"excerpt":{"rendered":"<p>10 fill\u00e9r t\u00falb\u00e9rmentes\u00edt\u00e9ssel.<\/p>\n","protected":false},"featured_media":18654,"template":"","meta":[],"product_brand":[],"product_cat":[1172],"product_tag":[1664,116,89,157,1006],"class_list":{"0":"post-15452","1":"product","2":"type-product","3":"status-publish","4":"has-post-thumbnail","6":"product_cat-magyarorszag","7":"product_tag-2nd-auction-hu","8":"product_tag-belyeg","9":"product_tag-postatortenet","10":"product_tag-szallitolevel","11":"product_tag-unsold","13":"first","14":"instock","15":"sold-individually","16":"shipping-taxable","17":"product-type-simple"},"_links":{"self":[{"href":"https:\/\/stampcurio.com\/hu\/wp-json\/wp\/v2\/product\/15452","targetHints":{"allow":["GET"]}}],"collection":[{"href":"https:\/\/stampcurio.com\/hu\/wp-json\/wp\/v2\/product"}],"about":[{"href":"https:\/\/stampcurio.com\/hu\/wp-json\/wp\/v2\/types\/product"}],"wp:featuredmedia":[{"embeddable":true,"href":"https:\/\/stampcurio.com\/hu\/wp-json\/wp\/v2\/media\/18654"}],"wp:attachment":[{"href":"https:\/\/stampcurio.com\/hu\/wp-json\/wp\/v2\/media?parent=15452"}],"wp:term":[{"taxonomy":"product_brand","embeddable":true,"href":"https:\/\/stampcurio.com\/hu\/wp-json\/wp\/v2\/product_brand?post=15452"},{"taxonomy":"product_cat","embeddable":true,"href":"https:\/\/stampcurio.com\/hu\/wp-json\/wp\/v2\/product_cat?post=15452"},{"taxonomy":"product_tag","embeddable":true,"href":"https:\/\/stampcurio.com\/hu\/wp-json\/wp\/v2\/product_tag?post=15452"}],"curies":[{"name":"wp","href":"https:\/\/api.w.org\/{rel}","templated":true}]}}