{"id":15451,"date":"2024-11-29T18:31:17","date_gmt":"2024-11-29T17:31:17","guid":{"rendered":"https:\/\/stampcurio.com\/product\/1913-colis-postal-svajcba-yost-irogep-perfin-belyegeivel-a-ket-filler-tulbermentesitessel-visszajelentve-a-feladonak-dekorativ-5-belyeges-dijlerovas\/"},"modified":"2025-12-05T04:06:37","modified_gmt":"2025-12-05T03:06:37","slug":"1913-magyarorszag-egy-svajcba-kuldott-colis-postal-csomag-szallitolevele-a-yost-irogep-gyar-levelzarojaval-es-perfin-belyegeivel-bermentesitve-a-ket-filler-tulbermentesites-visszajelentve-a-felado","status":"publish","type":"product","link":"https:\/\/stampcurio.com\/hu\/termek\/1913-magyarorszag-egy-svajcba-kuldott-colis-postal-csomag-szallitolevele-a-yost-irogep-gyar-levelzarojaval-es-perfin-belyegeivel-bermentesitve-a-ket-filler-tulbermentesites-visszajelentve-a-felado\/","title":{"rendered":"1913 Magyarorsz\u00e1g &#8211; egy sv\u00e1jcba k\u00fcld\u00f6tt colis postal csomag sz\u00e1ll\u00edt\u00f3levele, a Yost \u00cdr\u00f3g\u00e9p Gy\u00e1r lev\u00e9lz\u00e1r\u00f3j\u00e1val \u00e9s perfin b\u00e9lyegeivel b\u00e9rmentes\u00edtve. A k\u00e9t fill\u00e9r t\u00falb\u00e9rmentes\u00edt\u00e9s visszajelentve a felad\u00f3nak. Dekorat\u00edv 5 b\u00e9lyeges d\u00edjlerov\u00e1s."},"content":{"rendered":"","protected":false},"excerpt":{"rendered":"","protected":false},"featured_media":18472,"template":"","meta":[],"product_brand":[],"product_cat":[1172,1191],"product_tag":[1664,194,1041,288,230,89,157],"class_list":{"0":"post-15451","1":"product","2":"type-product","3":"status-publish","4":"has-post-thumbnail","6":"product_cat-magyarorszag","7":"product_cat-svajc","8":"product_tag-2nd-auction-hu","9":"product_tag-levelzaro","10":"product_tag-marcophily-hu","11":"product_tag-parafilatelia","12":"product_tag-perfin","13":"product_tag-postatortenet","14":"product_tag-szallitolevel","16":"first","17":"instock","18":"sold-individually","19":"shipping-taxable","20":"product-type-simple"},"_links":{"self":[{"href":"https:\/\/stampcurio.com\/hu\/wp-json\/wp\/v2\/product\/15451","targetHints":{"allow":["GET"]}}],"collection":[{"href":"https:\/\/stampcurio.com\/hu\/wp-json\/wp\/v2\/product"}],"about":[{"href":"https:\/\/stampcurio.com\/hu\/wp-json\/wp\/v2\/types\/product"}],"wp:featuredmedia":[{"embeddable":true,"href":"https:\/\/stampcurio.com\/hu\/wp-json\/wp\/v2\/media\/18472"}],"wp:attachment":[{"href":"https:\/\/stampcurio.com\/hu\/wp-json\/wp\/v2\/media?parent=15451"}],"wp:term":[{"taxonomy":"product_brand","embeddable":true,"href":"https:\/\/stampcurio.com\/hu\/wp-json\/wp\/v2\/product_brand?post=15451"},{"taxonomy":"product_cat","embeddable":true,"href":"https:\/\/stampcurio.com\/hu\/wp-json\/wp\/v2\/product_cat?post=15451"},{"taxonomy":"product_tag","embeddable":true,"href":"https:\/\/stampcurio.com\/hu\/wp-json\/wp\/v2\/product_tag?post=15451"}],"curies":[{"name":"wp","href":"https:\/\/api.w.org\/{rel}","templated":true}]}}