{"id":15450,"date":"2024-11-29T18:31:17","date_gmt":"2024-11-29T17:31:17","guid":{"rendered":"https:\/\/stampcurio.com\/product\/1898-5-kg-utanvetes-csomag-zagrab-pakrac-horvat-magyar-nyelvu-urlapon-masodik-tavolsagi-zona-5-kg\/"},"modified":"2025-12-05T04:06:37","modified_gmt":"2025-12-05T03:06:37","slug":"1898-magyarorszag-zagrabbol-a-2-tavolsagi-zonaba-pakracba-kuldott-5-kg-sulyu-utanvetes-csomag-horvat-magyar-nyelvu-dijjegyes-szallitolevele","status":"publish","type":"product","link":"https:\/\/stampcurio.com\/hu\/termek\/1898-magyarorszag-zagrabbol-a-2-tavolsagi-zonaba-pakracba-kuldott-5-kg-sulyu-utanvetes-csomag-horvat-magyar-nyelvu-dijjegyes-szallitolevele\/","title":{"rendered":"1898 Magyarorsz\u00e1g \u2013 Z\u00e1gr\u00e1bb\u00f3l a 2. t\u00e1vols\u00e1gi z\u00f3n\u00e1ba, Pakracba k\u00fcld\u00f6tt 5 kg s\u00faly\u00fa ut\u00e1nv\u00e9tes csomag horv\u00e1t-magyar nyelv\u0171 d\u00edjjegyes sz\u00e1ll\u00edt\u00f3levele"},"content":{"rendered":"","protected":false},"excerpt":{"rendered":"","protected":false},"featured_media":18636,"template":"","meta":[],"product_brand":[],"product_cat":[1192,1172],"product_tag":[1664,74,1041,89,157,1006],"class_list":{"0":"post-15450","1":"product","2":"type-product","3":"status-publish","4":"has-post-thumbnail","6":"product_cat-horvatorszag","7":"product_cat-magyarorszag","8":"product_tag-2nd-auction-hu","9":"product_tag-dijjegyes","10":"product_tag-marcophily-hu","11":"product_tag-postatortenet","12":"product_tag-szallitolevel","13":"product_tag-unsold","15":"first","16":"instock","17":"sold-individually","18":"shipping-taxable","19":"product-type-simple"},"_links":{"self":[{"href":"https:\/\/stampcurio.com\/hu\/wp-json\/wp\/v2\/product\/15450","targetHints":{"allow":["GET"]}}],"collection":[{"href":"https:\/\/stampcurio.com\/hu\/wp-json\/wp\/v2\/product"}],"about":[{"href":"https:\/\/stampcurio.com\/hu\/wp-json\/wp\/v2\/types\/product"}],"wp:featuredmedia":[{"embeddable":true,"href":"https:\/\/stampcurio.com\/hu\/wp-json\/wp\/v2\/media\/18636"}],"wp:attachment":[{"href":"https:\/\/stampcurio.com\/hu\/wp-json\/wp\/v2\/media?parent=15450"}],"wp:term":[{"taxonomy":"product_brand","embeddable":true,"href":"https:\/\/stampcurio.com\/hu\/wp-json\/wp\/v2\/product_brand?post=15450"},{"taxonomy":"product_cat","embeddable":true,"href":"https:\/\/stampcurio.com\/hu\/wp-json\/wp\/v2\/product_cat?post=15450"},{"taxonomy":"product_tag","embeddable":true,"href":"https:\/\/stampcurio.com\/hu\/wp-json\/wp\/v2\/product_tag?post=15450"}],"curies":[{"name":"wp","href":"https:\/\/api.w.org\/{rel}","templated":true}]}}