{"id":15449,"date":"2024-11-29T18:31:16","date_gmt":"2024-11-29T17:31:16","guid":{"rendered":"https:\/\/stampcurio.com\/product\/1888-szallitolevel-1-tavzona-5-kg\/"},"modified":"2025-12-05T04:06:39","modified_gmt":"2025-12-05T03:06:39","slug":"1888-magyarorszag-kernyajarol-az-1-tavolsagi-zonaba-cservenkara-kuldott-5-kg-sulyu-csomag-szallitolevele-szep-es-ritka-kernyaja-lebelyegzessel-gudlin-150-pont","status":"publish","type":"product","link":"https:\/\/stampcurio.com\/hu\/termek\/1888-magyarorszag-kernyajarol-az-1-tavolsagi-zonaba-cservenkara-kuldott-5-kg-sulyu-csomag-szallitolevele-szep-es-ritka-kernyaja-lebelyegzessel-gudlin-150-pont\/","title":{"rendered":"1888 Magyarorsz\u00e1g &#8211; Kernyaj\u00e1r\u00f3l az 1. t\u00e1vols\u00e1gi z\u00f3n\u00e1ba Cservenk\u00e1ra k\u00fcld\u00f6tt 5 kg s\u00faly\u00fa csomag sz\u00e1ll\u00edt\u00f3levele, sz\u00e9p \u00e9s ritka KERNYAJA leb\u00e9lyegz\u00e9ssel \/ Gudlin 150 pont"},"content":{"rendered":"","protected":false},"excerpt":{"rendered":"","protected":false},"featured_media":18410,"template":"","meta":[],"product_brand":[],"product_cat":[1172,1245],"product_tag":[1664,116,74,1041,89,157],"class_list":{"0":"post-15449","1":"product","2":"type-product","3":"status-publish","4":"has-post-thumbnail","6":"product_cat-magyarorszag","7":"product_cat-szerbia","8":"product_tag-2nd-auction-hu","9":"product_tag-belyeg","10":"product_tag-dijjegyes","11":"product_tag-marcophily-hu","12":"product_tag-postatortenet","13":"product_tag-szallitolevel","15":"first","16":"instock","17":"sold-individually","18":"shipping-taxable","19":"product-type-simple"},"_links":{"self":[{"href":"https:\/\/stampcurio.com\/hu\/wp-json\/wp\/v2\/product\/15449","targetHints":{"allow":["GET"]}}],"collection":[{"href":"https:\/\/stampcurio.com\/hu\/wp-json\/wp\/v2\/product"}],"about":[{"href":"https:\/\/stampcurio.com\/hu\/wp-json\/wp\/v2\/types\/product"}],"wp:featuredmedia":[{"embeddable":true,"href":"https:\/\/stampcurio.com\/hu\/wp-json\/wp\/v2\/media\/18410"}],"wp:attachment":[{"href":"https:\/\/stampcurio.com\/hu\/wp-json\/wp\/v2\/media?parent=15449"}],"wp:term":[{"taxonomy":"product_brand","embeddable":true,"href":"https:\/\/stampcurio.com\/hu\/wp-json\/wp\/v2\/product_brand?post=15449"},{"taxonomy":"product_cat","embeddable":true,"href":"https:\/\/stampcurio.com\/hu\/wp-json\/wp\/v2\/product_cat?post=15449"},{"taxonomy":"product_tag","embeddable":true,"href":"https:\/\/stampcurio.com\/hu\/wp-json\/wp\/v2\/product_tag?post=15449"}],"curies":[{"name":"wp","href":"https:\/\/api.w.org\/{rel}","templated":true}]}}