{"id":15447,"date":"2024-11-29T18:31:16","date_gmt":"2024-11-29T17:31:16","guid":{"rendered":"https:\/\/stampcurio.com\/product\/1892-buzias-5-kg-szallitolevel-ertekbiztositassal\/"},"modified":"2025-12-05T04:06:38","modified_gmt":"2025-12-05T03:06:38","slug":"1892-magyarorszag-buziasrol-temesvarra-kuldott-elso-tavolsagi-zonas-5-kg-sulyu-ertekbiztositott-csomag-szallitolevele","status":"publish","type":"product","link":"https:\/\/stampcurio.com\/hu\/termek\/1892-magyarorszag-buziasrol-temesvarra-kuldott-elso-tavolsagi-zonas-5-kg-sulyu-ertekbiztositott-csomag-szallitolevele\/","title":{"rendered":"1892 Magyarorsz\u00e1g &#8211; Buzi\u00e1sr\u00f3l Temesv\u00e1rra k\u00fcld\u00f6tt els\u0151 t\u00e1vols\u00e1gi z\u00f3n\u00e1s, 5 kg s\u00faly\u00fa, \u00e9rt\u00e9kbiztos\u00edtott csomag sz\u00e1ll\u00edt\u00f3lev\u00e9le"},"content":{"rendered":"","protected":false},"excerpt":{"rendered":"","protected":false},"featured_media":18484,"template":"","meta":[],"product_brand":[],"product_cat":[1172,1208],"product_tag":[1664,116,74,1041,89,157],"class_list":{"0":"post-15447","1":"product","2":"type-product","3":"status-publish","4":"has-post-thumbnail","6":"product_cat-magyarorszag","7":"product_cat-romania","8":"product_tag-2nd-auction-hu","9":"product_tag-belyeg","10":"product_tag-dijjegyes","11":"product_tag-marcophily-hu","12":"product_tag-postatortenet","13":"product_tag-szallitolevel","15":"first","16":"instock","17":"sold-individually","18":"shipping-taxable","19":"product-type-simple"},"_links":{"self":[{"href":"https:\/\/stampcurio.com\/hu\/wp-json\/wp\/v2\/product\/15447","targetHints":{"allow":["GET"]}}],"collection":[{"href":"https:\/\/stampcurio.com\/hu\/wp-json\/wp\/v2\/product"}],"about":[{"href":"https:\/\/stampcurio.com\/hu\/wp-json\/wp\/v2\/types\/product"}],"wp:featuredmedia":[{"embeddable":true,"href":"https:\/\/stampcurio.com\/hu\/wp-json\/wp\/v2\/media\/18484"}],"wp:attachment":[{"href":"https:\/\/stampcurio.com\/hu\/wp-json\/wp\/v2\/media?parent=15447"}],"wp:term":[{"taxonomy":"product_brand","embeddable":true,"href":"https:\/\/stampcurio.com\/hu\/wp-json\/wp\/v2\/product_brand?post=15447"},{"taxonomy":"product_cat","embeddable":true,"href":"https:\/\/stampcurio.com\/hu\/wp-json\/wp\/v2\/product_cat?post=15447"},{"taxonomy":"product_tag","embeddable":true,"href":"https:\/\/stampcurio.com\/hu\/wp-json\/wp\/v2\/product_tag?post=15447"}],"curies":[{"name":"wp","href":"https:\/\/api.w.org\/{rel}","templated":true}]}}