{"id":15446,"date":"2024-11-29T18:31:15","date_gmt":"2024-11-29T17:31:15","guid":{"rendered":"https:\/\/stampcurio.com\/product\/1897-kobanyarol-svajcba-kuldott-utanvetes-szallitolevel-56-krajcarral-lerova\/"},"modified":"2025-12-05T04:06:40","modified_gmt":"2025-12-05T03:06:40","slug":"1897-magyarorszag-kobanyarol-svajcba-kuldott-utanvetes-colis-postal-csomag-szallitolevele-melyen-az-56-krajcarral-postabelyegben-megfizetve-a-20-kr-belyegen-kisebb-lemezhiba","status":"publish","type":"product","link":"https:\/\/stampcurio.com\/hu\/termek\/1897-magyarorszag-kobanyarol-svajcba-kuldott-utanvetes-colis-postal-csomag-szallitolevele-melyen-az-56-krajcarral-postabelyegben-megfizetve-a-20-kr-belyegen-kisebb-lemezhiba\/","title":{"rendered":"1897 Magyarorsz\u00e1g \u2013 K\u0151b\u00e1ny\u00e1r\u00f3l Sv\u00e1jcba k\u00fcld\u00f6tt ut\u00e1nv\u00e9tes colis postal csomag sz\u00e1ll\u00edt\u00f3levele, melyen az 56 krajc\u00e1rral postab\u00e9lyegben megfizetve. A 20 kr b\u00e9lyegen kisebb lemezhiba."},"content":{"rendered":"","protected":false},"excerpt":{"rendered":"","protected":false},"featured_media":18630,"template":"","meta":[],"product_brand":[],"product_cat":[1172,1191],"product_tag":[1664,116,74,1041,89,157,1006],"class_list":{"0":"post-15446","1":"product","2":"type-product","3":"status-publish","4":"has-post-thumbnail","6":"product_cat-magyarorszag","7":"product_cat-svajc","8":"product_tag-2nd-auction-hu","9":"product_tag-belyeg","10":"product_tag-dijjegyes","11":"product_tag-marcophily-hu","12":"product_tag-postatortenet","13":"product_tag-szallitolevel","14":"product_tag-unsold","16":"first","17":"instock","18":"sold-individually","19":"shipping-taxable","20":"product-type-simple"},"_links":{"self":[{"href":"https:\/\/stampcurio.com\/hu\/wp-json\/wp\/v2\/product\/15446","targetHints":{"allow":["GET"]}}],"collection":[{"href":"https:\/\/stampcurio.com\/hu\/wp-json\/wp\/v2\/product"}],"about":[{"href":"https:\/\/stampcurio.com\/hu\/wp-json\/wp\/v2\/types\/product"}],"wp:featuredmedia":[{"embeddable":true,"href":"https:\/\/stampcurio.com\/hu\/wp-json\/wp\/v2\/media\/18630"}],"wp:attachment":[{"href":"https:\/\/stampcurio.com\/hu\/wp-json\/wp\/v2\/media?parent=15446"}],"wp:term":[{"taxonomy":"product_brand","embeddable":true,"href":"https:\/\/stampcurio.com\/hu\/wp-json\/wp\/v2\/product_brand?post=15446"},{"taxonomy":"product_cat","embeddable":true,"href":"https:\/\/stampcurio.com\/hu\/wp-json\/wp\/v2\/product_cat?post=15446"},{"taxonomy":"product_tag","embeddable":true,"href":"https:\/\/stampcurio.com\/hu\/wp-json\/wp\/v2\/product_tag?post=15446"}],"curies":[{"name":"wp","href":"https:\/\/api.w.org\/{rel}","templated":true}]}}