{"id":15445,"date":"2024-11-29T18:31:15","date_gmt":"2024-11-29T17:31:15","guid":{"rendered":"https:\/\/stampcurio.com\/product\/1890-karolyfalva-temesvar-szallitolevel-3-tavzona-9kg-csomag-2-es-ertekbiztositasi-fok-v2-87-kr-postadij-4-belyeges-szines-bermentesitessel-lerova-a-helyes-dij-84-kr-lett-volna-a-posta\/"},"modified":"2025-12-05T04:06:40","modified_gmt":"2025-12-05T03:06:40","slug":"1890-magyarorszag-karolyfalvarol-a-3-tavolsagi-zonaba-temesvarra-kuldott-8-8-kg-sulyu-csomag-2-ertekbiztositasi-fok-osszesen-87-kr-postadijjal","status":"publish","type":"product","link":"https:\/\/stampcurio.com\/hu\/termek\/1890-magyarorszag-karolyfalvarol-a-3-tavolsagi-zonaba-temesvarra-kuldott-8-8-kg-sulyu-csomag-2-ertekbiztositasi-fok-osszesen-87-kr-postadijjal\/","title":{"rendered":"1890 Magyarorsz\u00e1g &#8211; K\u00e1rolyfalv\u00e1r\u00f3l a 3. t\u00e1vols\u00e1gi z\u00f3n\u00e1ba, Temesv\u00e1rra k\u00fcld\u00f6tt 8.8 kg s\u00faly\u00fa csomag + 2. \u00e9rt\u00e9kbiztos\u00edt\u00e1si fok, \u00f6sszesen 87 kr postad\u00edjjal"},"content":{"rendered":"","protected":false},"excerpt":{"rendered":"","protected":false},"featured_media":18588,"template":"","meta":[],"product_brand":[],"product_cat":[1172,1208],"product_tag":[1664,116,74,1041,89,157,1006],"class_list":{"0":"post-15445","1":"product","2":"type-product","3":"status-publish","4":"has-post-thumbnail","6":"product_cat-magyarorszag","7":"product_cat-romania","8":"product_tag-2nd-auction-hu","9":"product_tag-belyeg","10":"product_tag-dijjegyes","11":"product_tag-marcophily-hu","12":"product_tag-postatortenet","13":"product_tag-szallitolevel","14":"product_tag-unsold","16":"first","17":"instock","18":"sold-individually","19":"shipping-taxable","20":"product-type-simple"},"_links":{"self":[{"href":"https:\/\/stampcurio.com\/hu\/wp-json\/wp\/v2\/product\/15445","targetHints":{"allow":["GET"]}}],"collection":[{"href":"https:\/\/stampcurio.com\/hu\/wp-json\/wp\/v2\/product"}],"about":[{"href":"https:\/\/stampcurio.com\/hu\/wp-json\/wp\/v2\/types\/product"}],"wp:featuredmedia":[{"embeddable":true,"href":"https:\/\/stampcurio.com\/hu\/wp-json\/wp\/v2\/media\/18588"}],"wp:attachment":[{"href":"https:\/\/stampcurio.com\/hu\/wp-json\/wp\/v2\/media?parent=15445"}],"wp:term":[{"taxonomy":"product_brand","embeddable":true,"href":"https:\/\/stampcurio.com\/hu\/wp-json\/wp\/v2\/product_brand?post=15445"},{"taxonomy":"product_cat","embeddable":true,"href":"https:\/\/stampcurio.com\/hu\/wp-json\/wp\/v2\/product_cat?post=15445"},{"taxonomy":"product_tag","embeddable":true,"href":"https:\/\/stampcurio.com\/hu\/wp-json\/wp\/v2\/product_tag?post=15445"}],"curies":[{"name":"wp","href":"https:\/\/api.w.org\/{rel}","templated":true}]}}