{"id":15444,"date":"2024-11-29T18:31:15","date_gmt":"2024-11-29T17:31:15","guid":{"rendered":"https:\/\/stampcurio.com\/product\/1965-magyarorszag-universiade-250-ft-vetkozo-ferfiak-tevnyomat\/"},"modified":"2025-12-05T04:06:39","modified_gmt":"2025-12-05T03:06:39","slug":"1965-magyarorszag-universiade-250-ft-belyeg-vetkozo-jatekosok-tevnyomat","status":"publish","type":"product","link":"https:\/\/stampcurio.com\/hu\/termek\/1965-magyarorszag-universiade-250-ft-belyeg-vetkozo-jatekosok-tevnyomat\/","title":{"rendered":"1965 Magyarorsz\u00e1g &#8211; Universiade 2,50 Ft b\u00e9lyeg &#8220;vetk\u0151z\u0151 j\u00e1t\u00e9kosok&#8221; t\u00e9vnyomat"},"content":{"rendered":"","protected":false},"excerpt":{"rendered":"","protected":false},"featured_media":18690,"template":"","meta":[],"product_brand":[],"product_cat":[1172],"product_tag":[1664,116,264,217],"class_list":{"0":"post-15444","1":"product","2":"type-product","3":"status-publish","4":"has-post-thumbnail","6":"product_cat-magyarorszag","7":"product_tag-2nd-auction-hu","8":"product_tag-belyeg","9":"product_tag-sport","10":"product_tag-tevnyomat","12":"first","13":"instock","14":"sold-individually","15":"shipping-taxable","16":"product-type-simple"},"_links":{"self":[{"href":"https:\/\/stampcurio.com\/hu\/wp-json\/wp\/v2\/product\/15444","targetHints":{"allow":["GET"]}}],"collection":[{"href":"https:\/\/stampcurio.com\/hu\/wp-json\/wp\/v2\/product"}],"about":[{"href":"https:\/\/stampcurio.com\/hu\/wp-json\/wp\/v2\/types\/product"}],"wp:featuredmedia":[{"embeddable":true,"href":"https:\/\/stampcurio.com\/hu\/wp-json\/wp\/v2\/media\/18690"}],"wp:attachment":[{"href":"https:\/\/stampcurio.com\/hu\/wp-json\/wp\/v2\/media?parent=15444"}],"wp:term":[{"taxonomy":"product_brand","embeddable":true,"href":"https:\/\/stampcurio.com\/hu\/wp-json\/wp\/v2\/product_brand?post=15444"},{"taxonomy":"product_cat","embeddable":true,"href":"https:\/\/stampcurio.com\/hu\/wp-json\/wp\/v2\/product_cat?post=15444"},{"taxonomy":"product_tag","embeddable":true,"href":"https:\/\/stampcurio.com\/hu\/wp-json\/wp\/v2\/product_tag?post=15444"}],"curies":[{"name":"wp","href":"https:\/\/api.w.org\/{rel}","templated":true}]}}