{"id":15443,"date":"2024-11-29T18:31:14","date_gmt":"2024-11-29T17:31:14","guid":{"rendered":"https:\/\/stampcurio.com\/product\/1856-norvegia-38-skilling-8-as-hatuljan-ivszinatnyomat\/"},"modified":"2025-12-05T04:06:41","modified_gmt":"2025-12-05T03:06:41","slug":"1856-norvegia-3-8-skilling-belyegek-a-8-skilling-hatuljan-ivszinatnyomat-stampworld-110-eur","status":"publish","type":"product","link":"https:\/\/stampcurio.com\/hu\/termek\/1856-norvegia-3-8-skilling-belyegek-a-8-skilling-hatuljan-ivszinatnyomat-stampworld-110-eur\/","title":{"rendered":"1856 Norv\u00e9gia &#8211; 3 + 8 skilling b\u00e9lyegek, a 8 skilling h\u00e1tulj\u00e1n \u00edvsz\u00edn\u00e1tnyomat | Stampworld: 110++ EUR"},"content":{"rendered":"","protected":false},"excerpt":{"rendered":"","protected":false},"featured_media":23858,"template":"","meta":[],"product_brand":[],"product_cat":[1240],"product_tag":[1664,116,217],"class_list":{"0":"post-15443","1":"product","2":"type-product","3":"status-publish","4":"has-post-thumbnail","6":"product_cat-norvegia","7":"product_tag-2nd-auction-hu","8":"product_tag-belyeg","9":"product_tag-tevnyomat","11":"first","12":"instock","13":"sold-individually","14":"shipping-taxable","15":"product-type-simple"},"_links":{"self":[{"href":"https:\/\/stampcurio.com\/hu\/wp-json\/wp\/v2\/product\/15443","targetHints":{"allow":["GET"]}}],"collection":[{"href":"https:\/\/stampcurio.com\/hu\/wp-json\/wp\/v2\/product"}],"about":[{"href":"https:\/\/stampcurio.com\/hu\/wp-json\/wp\/v2\/types\/product"}],"wp:featuredmedia":[{"embeddable":true,"href":"https:\/\/stampcurio.com\/hu\/wp-json\/wp\/v2\/media\/23858"}],"wp:attachment":[{"href":"https:\/\/stampcurio.com\/hu\/wp-json\/wp\/v2\/media?parent=15443"}],"wp:term":[{"taxonomy":"product_brand","embeddable":true,"href":"https:\/\/stampcurio.com\/hu\/wp-json\/wp\/v2\/product_brand?post=15443"},{"taxonomy":"product_cat","embeddable":true,"href":"https:\/\/stampcurio.com\/hu\/wp-json\/wp\/v2\/product_cat?post=15443"},{"taxonomy":"product_tag","embeddable":true,"href":"https:\/\/stampcurio.com\/hu\/wp-json\/wp\/v2\/product_tag?post=15443"}],"curies":[{"name":"wp","href":"https:\/\/api.w.org\/{rel}","templated":true}]}}