{"id":15442,"date":"2024-11-29T18:31:14","date_gmt":"2024-11-29T17:31:14","guid":{"rendered":"https:\/\/stampcurio.com\/product\/1850-9-kr-type-iii-pesth-lebelyegzes-farbfleck-plattenfehler\/"},"modified":"2025-12-05T04:06:40","modified_gmt":"2025-12-05T03:06:40","slug":"1850-ausztria-9-kr-belyeg-iii-tipus-pesth-lebelyegzessel-festekfolt-a-bal-oldalon","status":"publish","type":"product","link":"https:\/\/stampcurio.com\/hu\/termek\/1850-ausztria-9-kr-belyeg-iii-tipus-pesth-lebelyegzessel-festekfolt-a-bal-oldalon\/","title":{"rendered":"1850 Ausztria &#8211; 9 kr b\u00e9lyeg III. t\u00edpus PESTH leb\u00e9lyegz\u00e9ssel, fest\u00e9kfolt a bal oldalon"},"content":{"rendered":"","protected":false},"excerpt":{"rendered":"","protected":false},"featured_media":24981,"template":"","meta":[],"product_brand":[],"product_cat":[1178,1172],"product_tag":[1664,116,217],"class_list":{"0":"post-15442","1":"product","2":"type-product","3":"status-publish","4":"has-post-thumbnail","6":"product_cat-ausztria","7":"product_cat-magyarorszag","8":"product_tag-2nd-auction-hu","9":"product_tag-belyeg","10":"product_tag-tevnyomat","12":"first","13":"instock","14":"sold-individually","15":"shipping-taxable","16":"product-type-simple"},"_links":{"self":[{"href":"https:\/\/stampcurio.com\/hu\/wp-json\/wp\/v2\/product\/15442","targetHints":{"allow":["GET"]}}],"collection":[{"href":"https:\/\/stampcurio.com\/hu\/wp-json\/wp\/v2\/product"}],"about":[{"href":"https:\/\/stampcurio.com\/hu\/wp-json\/wp\/v2\/types\/product"}],"wp:featuredmedia":[{"embeddable":true,"href":"https:\/\/stampcurio.com\/hu\/wp-json\/wp\/v2\/media\/24981"}],"wp:attachment":[{"href":"https:\/\/stampcurio.com\/hu\/wp-json\/wp\/v2\/media?parent=15442"}],"wp:term":[{"taxonomy":"product_brand","embeddable":true,"href":"https:\/\/stampcurio.com\/hu\/wp-json\/wp\/v2\/product_brand?post=15442"},{"taxonomy":"product_cat","embeddable":true,"href":"https:\/\/stampcurio.com\/hu\/wp-json\/wp\/v2\/product_cat?post=15442"},{"taxonomy":"product_tag","embeddable":true,"href":"https:\/\/stampcurio.com\/hu\/wp-json\/wp\/v2\/product_tag?post=15442"}],"curies":[{"name":"wp","href":"https:\/\/api.w.org\/{rel}","templated":true}]}}