{"id":15440,"date":"2024-11-29T18:31:13","date_gmt":"2024-11-29T17:31:13","guid":{"rendered":"https:\/\/stampcurio.com\/product\/1850-ausztria-6-kr-ia-ferch-375-kis-ranc-plattenfehler\/"},"modified":"2025-12-05T04:06:42","modified_gmt":"2025-12-05T03:06:42","slug":"1850-ausztria-6-kr-postatiszta-belyeg-ia-tipus-kis-papirranc-lemezhiba-ferchenbauer-375-eur","status":"publish","type":"product","link":"https:\/\/stampcurio.com\/hu\/termek\/1850-ausztria-6-kr-postatiszta-belyeg-ia-tipus-kis-papirranc-lemezhiba-ferchenbauer-375-eur\/","title":{"rendered":"1850 Ausztria &#8211; 6 kr postatiszta (*) b\u00e9lyeg Ia t\u00edpus kis pap\u00edrr\u00e1nc + lemezhiba | Ferchenbauer: 375++ EUR"},"content":{"rendered":"","protected":false},"excerpt":{"rendered":"<p>A b\u00e9lyegk\u00e9pet nem \u00e9rint\u0151 kis elv\u00e9konyod\u00e1ssal a fels\u0151 kereten.<\/p>\n","protected":false},"featured_media":23930,"template":"","meta":[],"product_brand":[],"product_cat":[1178],"product_tag":[1664,116,217],"class_list":{"0":"post-15440","1":"product","2":"type-product","3":"status-publish","4":"has-post-thumbnail","6":"product_cat-ausztria","7":"product_tag-2nd-auction-hu","8":"product_tag-belyeg","9":"product_tag-tevnyomat","11":"first","12":"instock","13":"sold-individually","14":"shipping-taxable","15":"product-type-simple"},"_links":{"self":[{"href":"https:\/\/stampcurio.com\/hu\/wp-json\/wp\/v2\/product\/15440","targetHints":{"allow":["GET"]}}],"collection":[{"href":"https:\/\/stampcurio.com\/hu\/wp-json\/wp\/v2\/product"}],"about":[{"href":"https:\/\/stampcurio.com\/hu\/wp-json\/wp\/v2\/types\/product"}],"wp:featuredmedia":[{"embeddable":true,"href":"https:\/\/stampcurio.com\/hu\/wp-json\/wp\/v2\/media\/23930"}],"wp:attachment":[{"href":"https:\/\/stampcurio.com\/hu\/wp-json\/wp\/v2\/media?parent=15440"}],"wp:term":[{"taxonomy":"product_brand","embeddable":true,"href":"https:\/\/stampcurio.com\/hu\/wp-json\/wp\/v2\/product_brand?post=15440"},{"taxonomy":"product_cat","embeddable":true,"href":"https:\/\/stampcurio.com\/hu\/wp-json\/wp\/v2\/product_cat?post=15440"},{"taxonomy":"product_tag","embeddable":true,"href":"https:\/\/stampcurio.com\/hu\/wp-json\/wp\/v2\/product_tag?post=15440"}],"curies":[{"name":"wp","href":"https:\/\/api.w.org\/{rel}","templated":true}]}}