{"id":15439,"date":"2024-11-29T18:31:13","date_gmt":"2024-11-29T17:31:13","guid":{"rendered":"https:\/\/stampcurio.com\/product\/1850-ausztria-lombard-30-centime-type-i-geripptes-papir-huge-plattenfehler\/"},"modified":"2025-12-05T04:06:41","modified_gmt":"2025-12-05T03:06:41","slug":"1850-ausztria-lombard-velence-30c-i-tipus-geripptes-papir-lehelletnyi-elvekonyodas-latvanyos-lemezhibaval-ferchenbauer-85-eur","status":"publish","type":"product","link":"https:\/\/stampcurio.com\/hu\/termek\/1850-ausztria-lombard-velence-30c-i-tipus-geripptes-papir-lehelletnyi-elvekonyodas-latvanyos-lemezhibaval-ferchenbauer-85-eur\/","title":{"rendered":"1850 Ausztria Lombard-Velence &#8211; 30c I. t\u00edpus &#8220;geripptes&#8221; pap\u00edr &#8211; lehelletnyi elv\u00e9konyod\u00e1s + l\u00e1tv\u00e1nyos lemezhib\u00e1val | Ferchenbauer: 85++ EUR"},"content":{"rendered":"","protected":false},"excerpt":{"rendered":"","protected":false},"featured_media":24993,"template":"","meta":[],"product_brand":[],"product_cat":[1178,1183],"product_tag":[1664,116,217],"class_list":{"0":"post-15439","1":"product","2":"type-product","3":"status-publish","4":"has-post-thumbnail","6":"product_cat-ausztria","7":"product_cat-olaszorszag","8":"product_tag-2nd-auction-hu","9":"product_tag-belyeg","10":"product_tag-tevnyomat","12":"first","13":"instock","14":"sold-individually","15":"shipping-taxable","16":"product-type-simple"},"_links":{"self":[{"href":"https:\/\/stampcurio.com\/hu\/wp-json\/wp\/v2\/product\/15439","targetHints":{"allow":["GET"]}}],"collection":[{"href":"https:\/\/stampcurio.com\/hu\/wp-json\/wp\/v2\/product"}],"about":[{"href":"https:\/\/stampcurio.com\/hu\/wp-json\/wp\/v2\/types\/product"}],"wp:featuredmedia":[{"embeddable":true,"href":"https:\/\/stampcurio.com\/hu\/wp-json\/wp\/v2\/media\/24993"}],"wp:attachment":[{"href":"https:\/\/stampcurio.com\/hu\/wp-json\/wp\/v2\/media?parent=15439"}],"wp:term":[{"taxonomy":"product_brand","embeddable":true,"href":"https:\/\/stampcurio.com\/hu\/wp-json\/wp\/v2\/product_brand?post=15439"},{"taxonomy":"product_cat","embeddable":true,"href":"https:\/\/stampcurio.com\/hu\/wp-json\/wp\/v2\/product_cat?post=15439"},{"taxonomy":"product_tag","embeddable":true,"href":"https:\/\/stampcurio.com\/hu\/wp-json\/wp\/v2\/product_tag?post=15439"}],"curies":[{"name":"wp","href":"https:\/\/api.w.org\/{rel}","templated":true}]}}