{"id":15438,"date":"2024-11-29T18:31:13","date_gmt":"2024-11-29T17:31:13","guid":{"rendered":"https:\/\/stampcurio.com\/product\/1850-ausztria-9kr-2c-type-plattenfehler-signed-seitz-pancsova-postmark\/"},"modified":"2025-12-05T04:06:41","modified_gmt":"2025-12-05T03:06:41","slug":"1850-ausztria-iic-tipusu-9-kr-belyeg-pancsova-belyegzessel-kis-lemezhiba-pruf-seitz","status":"publish","type":"product","link":"https:\/\/stampcurio.com\/hu\/termek\/1850-ausztria-iic-tipusu-9-kr-belyeg-pancsova-belyegzessel-kis-lemezhiba-pruf-seitz\/","title":{"rendered":"1850 Ausztria \u2013 IIc t\u00edpus\u00fa 9 kr b\u00e9lyeg PANCSOVA b\u00e9lyegz\u00e9ssel + kis lemezhiba | pr\u00fcf: Seitz"},"content":{"rendered":"","protected":false},"excerpt":{"rendered":"","protected":false},"featured_media":18839,"template":"","meta":[],"product_brand":[],"product_cat":[1178,1172,1245],"product_tag":[1664,116,1041,217],"class_list":{"0":"post-15438","1":"product","2":"type-product","3":"status-publish","4":"has-post-thumbnail","6":"product_cat-ausztria","7":"product_cat-magyarorszag","8":"product_cat-szerbia","9":"product_tag-2nd-auction-hu","10":"product_tag-belyeg","11":"product_tag-marcophily-hu","12":"product_tag-tevnyomat","14":"first","15":"instock","16":"sold-individually","17":"shipping-taxable","18":"product-type-simple"},"_links":{"self":[{"href":"https:\/\/stampcurio.com\/hu\/wp-json\/wp\/v2\/product\/15438","targetHints":{"allow":["GET"]}}],"collection":[{"href":"https:\/\/stampcurio.com\/hu\/wp-json\/wp\/v2\/product"}],"about":[{"href":"https:\/\/stampcurio.com\/hu\/wp-json\/wp\/v2\/types\/product"}],"wp:featuredmedia":[{"embeddable":true,"href":"https:\/\/stampcurio.com\/hu\/wp-json\/wp\/v2\/media\/18839"}],"wp:attachment":[{"href":"https:\/\/stampcurio.com\/hu\/wp-json\/wp\/v2\/media?parent=15438"}],"wp:term":[{"taxonomy":"product_brand","embeddable":true,"href":"https:\/\/stampcurio.com\/hu\/wp-json\/wp\/v2\/product_brand?post=15438"},{"taxonomy":"product_cat","embeddable":true,"href":"https:\/\/stampcurio.com\/hu\/wp-json\/wp\/v2\/product_cat?post=15438"},{"taxonomy":"product_tag","embeddable":true,"href":"https:\/\/stampcurio.com\/hu\/wp-json\/wp\/v2\/product_tag?post=15438"}],"curies":[{"name":"wp","href":"https:\/\/api.w.org\/{rel}","templated":true}]}}