{"id":15437,"date":"2024-11-29T18:31:13","date_gmt":"2024-11-29T17:31:13","guid":{"rendered":"https:\/\/stampcurio.com\/product\/1850-lombard-venetia-15-centimes-geripptes-papir-type-i-ferch-180-eur-verona-postmark-small-plattenfehler\/"},"modified":"2025-12-05T04:06:41","modified_gmt":"2025-12-05T03:06:41","slug":"1850-ausztria-lombard-velence-15-centimes-belyeg-i-tipus-geripptes-papiron-verona-belyegzessel-apro-lemezhiba-ferchenbauer-180-eur","status":"publish","type":"product","link":"https:\/\/stampcurio.com\/hu\/termek\/1850-ausztria-lombard-velence-15-centimes-belyeg-i-tipus-geripptes-papiron-verona-belyegzessel-apro-lemezhiba-ferchenbauer-180-eur\/","title":{"rendered":"1850 Ausztria Lombard-Velence &#8211; 15 centimes b\u00e9lyeg, I. t\u00edpus &#8220;geripptes&#8221; pap\u00edron VERONA b\u00e9lyegz\u00e9ssel, apr\u00f3 lemezhiba | Ferchenbauer: 180 EUR"},"content":{"rendered":"","protected":false},"excerpt":{"rendered":"","protected":false},"featured_media":23912,"template":"","meta":[],"product_brand":[],"product_cat":[1178,1183],"product_tag":[1664,116,1041,217,1006],"class_list":{"0":"post-15437","1":"product","2":"type-product","3":"status-publish","4":"has-post-thumbnail","6":"product_cat-ausztria","7":"product_cat-olaszorszag","8":"product_tag-2nd-auction-hu","9":"product_tag-belyeg","10":"product_tag-marcophily-hu","11":"product_tag-tevnyomat","12":"product_tag-unsold","14":"first","15":"instock","16":"sold-individually","17":"shipping-taxable","18":"product-type-simple"},"_links":{"self":[{"href":"https:\/\/stampcurio.com\/hu\/wp-json\/wp\/v2\/product\/15437","targetHints":{"allow":["GET"]}}],"collection":[{"href":"https:\/\/stampcurio.com\/hu\/wp-json\/wp\/v2\/product"}],"about":[{"href":"https:\/\/stampcurio.com\/hu\/wp-json\/wp\/v2\/types\/product"}],"wp:featuredmedia":[{"embeddable":true,"href":"https:\/\/stampcurio.com\/hu\/wp-json\/wp\/v2\/media\/23912"}],"wp:attachment":[{"href":"https:\/\/stampcurio.com\/hu\/wp-json\/wp\/v2\/media?parent=15437"}],"wp:term":[{"taxonomy":"product_brand","embeddable":true,"href":"https:\/\/stampcurio.com\/hu\/wp-json\/wp\/v2\/product_brand?post=15437"},{"taxonomy":"product_cat","embeddable":true,"href":"https:\/\/stampcurio.com\/hu\/wp-json\/wp\/v2\/product_cat?post=15437"},{"taxonomy":"product_tag","embeddable":true,"href":"https:\/\/stampcurio.com\/hu\/wp-json\/wp\/v2\/product_tag?post=15437"}],"curies":[{"name":"wp","href":"https:\/\/api.w.org\/{rel}","templated":true}]}}