{"id":15434,"date":"2024-11-29T18:31:12","date_gmt":"2024-11-29T17:31:12","guid":{"rendered":"https:\/\/stampcurio.com\/product\/1858-piros-kis-andraskereszt-used-kezirassal\/"},"modified":"2025-12-05T04:06:42","modified_gmt":"2025-12-05T03:06:42","slug":"1858-ausztria-kis-alaku-piros-andraskereszt-kezirassal","status":"publish","type":"product","link":"https:\/\/stampcurio.com\/hu\/termek\/1858-ausztria-kis-alaku-piros-andraskereszt-kezirassal\/","title":{"rendered":"1858 Ausztria &#8211; kis alak\u00fa piros Andr\u00e1skereszt k\u00e9z\u00edr\u00e1ssal"},"content":{"rendered":"","protected":false},"excerpt":{"rendered":"","protected":false},"featured_media":23900,"template":"","meta":[],"product_brand":[],"product_cat":[1178],"product_tag":[1664,116,217],"class_list":{"0":"post-15434","1":"product","2":"type-product","3":"status-publish","4":"has-post-thumbnail","6":"product_cat-ausztria","7":"product_tag-2nd-auction-hu","8":"product_tag-belyeg","9":"product_tag-tevnyomat","11":"first","12":"instock","13":"sold-individually","14":"shipping-taxable","15":"product-type-simple"},"_links":{"self":[{"href":"https:\/\/stampcurio.com\/hu\/wp-json\/wp\/v2\/product\/15434","targetHints":{"allow":["GET"]}}],"collection":[{"href":"https:\/\/stampcurio.com\/hu\/wp-json\/wp\/v2\/product"}],"about":[{"href":"https:\/\/stampcurio.com\/hu\/wp-json\/wp\/v2\/types\/product"}],"wp:featuredmedia":[{"embeddable":true,"href":"https:\/\/stampcurio.com\/hu\/wp-json\/wp\/v2\/media\/23900"}],"wp:attachment":[{"href":"https:\/\/stampcurio.com\/hu\/wp-json\/wp\/v2\/media?parent=15434"}],"wp:term":[{"taxonomy":"product_brand","embeddable":true,"href":"https:\/\/stampcurio.com\/hu\/wp-json\/wp\/v2\/product_brand?post=15434"},{"taxonomy":"product_cat","embeddable":true,"href":"https:\/\/stampcurio.com\/hu\/wp-json\/wp\/v2\/product_cat?post=15434"},{"taxonomy":"product_tag","embeddable":true,"href":"https:\/\/stampcurio.com\/hu\/wp-json\/wp\/v2\/product_tag?post=15434"}],"curies":[{"name":"wp","href":"https:\/\/api.w.org\/{rel}","templated":true}]}}