{"id":15433,"date":"2024-11-29T18:31:11","date_gmt":"2024-11-29T17:31:11","guid":{"rendered":"https:\/\/stampcurio.com\/product\/1874-nagy-gaj-lebelyegzes-postautalvany-kivagas-a-10-kr-belyeg-alul-olloval-vagva\/"},"modified":"2025-12-05T04:06:44","modified_gmt":"2025-12-05T03:06:44","slug":"1874-magyarorszag-nagy-gaj-lebelyegzes-postautalvany-kivagason-a-10-kr-belyeg-alul-olloval-vagva-gudlin-2100-pont","status":"publish","type":"product","link":"https:\/\/stampcurio.com\/hu\/termek\/1874-magyarorszag-nagy-gaj-lebelyegzes-postautalvany-kivagason-a-10-kr-belyeg-alul-olloval-vagva-gudlin-2100-pont\/","title":{"rendered":"1874 Magyarorsz\u00e1g &#8211; NAGY-G\u00c1J leb\u00e9lyegz\u00e9s postautalv\u00e1ny kiv\u00e1g\u00e1son &#8211; a 10 kr b\u00e9lyeg alul oll\u00f3val v\u00e1gva | Gudlin: 2*100 pont"},"content":{"rendered":"","protected":false},"excerpt":{"rendered":"","protected":false},"featured_media":18712,"template":"","meta":[],"product_brand":[],"product_cat":[1172,1245],"product_tag":[1664,116,74,1041,217],"class_list":{"0":"post-15433","1":"product","2":"type-product","3":"status-publish","4":"has-post-thumbnail","6":"product_cat-magyarorszag","7":"product_cat-szerbia","8":"product_tag-2nd-auction-hu","9":"product_tag-belyeg","10":"product_tag-dijjegyes","11":"product_tag-marcophily-hu","12":"product_tag-tevnyomat","14":"first","15":"instock","16":"sold-individually","17":"shipping-taxable","18":"product-type-simple"},"_links":{"self":[{"href":"https:\/\/stampcurio.com\/hu\/wp-json\/wp\/v2\/product\/15433","targetHints":{"allow":["GET"]}}],"collection":[{"href":"https:\/\/stampcurio.com\/hu\/wp-json\/wp\/v2\/product"}],"about":[{"href":"https:\/\/stampcurio.com\/hu\/wp-json\/wp\/v2\/types\/product"}],"wp:featuredmedia":[{"embeddable":true,"href":"https:\/\/stampcurio.com\/hu\/wp-json\/wp\/v2\/media\/18712"}],"wp:attachment":[{"href":"https:\/\/stampcurio.com\/hu\/wp-json\/wp\/v2\/media?parent=15433"}],"wp:term":[{"taxonomy":"product_brand","embeddable":true,"href":"https:\/\/stampcurio.com\/hu\/wp-json\/wp\/v2\/product_brand?post=15433"},{"taxonomy":"product_cat","embeddable":true,"href":"https:\/\/stampcurio.com\/hu\/wp-json\/wp\/v2\/product_cat?post=15433"},{"taxonomy":"product_tag","embeddable":true,"href":"https:\/\/stampcurio.com\/hu\/wp-json\/wp\/v2\/product_tag?post=15433"}],"curies":[{"name":"wp","href":"https:\/\/api.w.org\/{rel}","templated":true}]}}