{"id":15432,"date":"2024-11-29T18:31:11","date_gmt":"2024-11-29T17:31:11","guid":{"rendered":"https:\/\/stampcurio.com\/product\/1850-6kr-hp-ia-type-plattenfehler-ferch-32-55-eur-neubach-postmark\/"},"modified":"2025-12-05T04:06:43","modified_gmt":"2025-12-05T03:06:43","slug":"1850-ausztria-6-kr-belyeg-kezi-papir-ia-tipus-laibach-lebelyegzes-ferchenbauer-32-szamu-lemezhiba-55-eur","status":"publish","type":"product","link":"https:\/\/stampcurio.com\/hu\/termek\/1850-ausztria-6-kr-belyeg-kezi-papir-ia-tipus-laibach-lebelyegzes-ferchenbauer-32-szamu-lemezhiba-55-eur\/","title":{"rendered":"1850 Ausztria &#8211; 6 kr b\u00e9lyeg k\u00e9zi pap\u00edr, Ia t\u00edpus LAIBACH leb\u00e9lyegz\u00e9s &#8211; Ferchenbauer 32. sz\u00e1m\u00fa lemezhiba \/ 55 EUR"},"content":{"rendered":"","protected":false},"excerpt":{"rendered":"","protected":false},"featured_media":23882,"template":"","meta":[],"product_brand":[],"product_cat":[1178,1236],"product_tag":[1664,116,1041,217],"class_list":{"0":"post-15432","1":"product","2":"type-product","3":"status-publish","4":"has-post-thumbnail","6":"product_cat-ausztria","7":"product_cat-szlovenia","8":"product_tag-2nd-auction-hu","9":"product_tag-belyeg","10":"product_tag-marcophily-hu","11":"product_tag-tevnyomat","13":"first","14":"instock","15":"sold-individually","16":"shipping-taxable","17":"product-type-simple"},"_links":{"self":[{"href":"https:\/\/stampcurio.com\/hu\/wp-json\/wp\/v2\/product\/15432","targetHints":{"allow":["GET"]}}],"collection":[{"href":"https:\/\/stampcurio.com\/hu\/wp-json\/wp\/v2\/product"}],"about":[{"href":"https:\/\/stampcurio.com\/hu\/wp-json\/wp\/v2\/types\/product"}],"wp:featuredmedia":[{"embeddable":true,"href":"https:\/\/stampcurio.com\/hu\/wp-json\/wp\/v2\/media\/23882"}],"wp:attachment":[{"href":"https:\/\/stampcurio.com\/hu\/wp-json\/wp\/v2\/media?parent=15432"}],"wp:term":[{"taxonomy":"product_brand","embeddable":true,"href":"https:\/\/stampcurio.com\/hu\/wp-json\/wp\/v2\/product_brand?post=15432"},{"taxonomy":"product_cat","embeddable":true,"href":"https:\/\/stampcurio.com\/hu\/wp-json\/wp\/v2\/product_cat?post=15432"},{"taxonomy":"product_tag","embeddable":true,"href":"https:\/\/stampcurio.com\/hu\/wp-json\/wp\/v2\/product_tag?post=15432"}],"curies":[{"name":"wp","href":"https:\/\/api.w.org\/{rel}","templated":true}]}}