{"id":15431,"date":"2024-11-29T18:31:11","date_gmt":"2024-11-29T17:31:11","guid":{"rendered":"https:\/\/stampcurio.com\/product\/1863-hirlapbelyeg-cimszalag-kalocsa-lebelyegzes-batyara-kuldve-szep-szelekkel-mivel-batyan-nem-volt-postahivatal-ezert-kalocsan-erkeztetve-kalocsa-kulteruletere-kuldott\/"},"modified":"2025-12-05T04:06:43","modified_gmt":"2025-12-05T03:06:43","slug":"1863-ausztria-hirlapbelyeg-szep-szelekkel-batyara-kuldott-cimszalagon-kalocsa-lebelyegzessel-mivel-batyan-kalocsa-kulterulet-nem-volt-postahivatal-ezert-kalocsan-belyegeztek-le-ferchenbauer","status":"publish","type":"product","link":"https:\/\/stampcurio.com\/hu\/termek\/1863-ausztria-hirlapbelyeg-szep-szelekkel-batyara-kuldott-cimszalagon-kalocsa-lebelyegzessel-mivel-batyan-kalocsa-kulterulet-nem-volt-postahivatal-ezert-kalocsan-belyegeztek-le-ferchenbauer\/","title":{"rendered":"1863 Ausztria &#8211; h\u00edrlapb\u00e9lyeg sz\u00e9p sz\u00e9lekkel B\u00e1ty\u00e1ra k\u00fcld\u00f6tt c\u00edmszalagon,  KALOCSA leb\u00e9lyegz\u00e9ssel &#8211; mivel B\u00e1ty\u00e1n (Kalocsa k\u00fclter\u00fclet) nem volt postahivatal, ez\u00e9rt Kalocs\u00e1n b\u00e9lyegezt\u00e9k le | Ferchenbauer: 100++ EUR"},"content":{"rendered":"","protected":false},"excerpt":{"rendered":"","protected":false},"featured_media":18787,"template":"","meta":[],"product_brand":[],"product_cat":[1178,1172],"product_tag":[1664,116,1296,89,1631],"class_list":{"0":"post-15431","1":"product","2":"type-product","3":"status-publish","4":"has-post-thumbnail","6":"product_cat-ausztria","7":"product_cat-magyarorszag","8":"product_tag-2nd-auction-hu","9":"product_tag-belyeg","10":"product_tag-hirlapbelyeg","11":"product_tag-postatortenet","12":"product_tag-pre-upu","14":"first","15":"instock","16":"sold-individually","17":"shipping-taxable","18":"product-type-simple"},"_links":{"self":[{"href":"https:\/\/stampcurio.com\/hu\/wp-json\/wp\/v2\/product\/15431","targetHints":{"allow":["GET"]}}],"collection":[{"href":"https:\/\/stampcurio.com\/hu\/wp-json\/wp\/v2\/product"}],"about":[{"href":"https:\/\/stampcurio.com\/hu\/wp-json\/wp\/v2\/types\/product"}],"wp:featuredmedia":[{"embeddable":true,"href":"https:\/\/stampcurio.com\/hu\/wp-json\/wp\/v2\/media\/18787"}],"wp:attachment":[{"href":"https:\/\/stampcurio.com\/hu\/wp-json\/wp\/v2\/media?parent=15431"}],"wp:term":[{"taxonomy":"product_brand","embeddable":true,"href":"https:\/\/stampcurio.com\/hu\/wp-json\/wp\/v2\/product_brand?post=15431"},{"taxonomy":"product_cat","embeddable":true,"href":"https:\/\/stampcurio.com\/hu\/wp-json\/wp\/v2\/product_cat?post=15431"},{"taxonomy":"product_tag","embeddable":true,"href":"https:\/\/stampcurio.com\/hu\/wp-json\/wp\/v2\/product_tag?post=15431"}],"curies":[{"name":"wp","href":"https:\/\/api.w.org\/{rel}","templated":true}]}}