{"id":15430,"date":"2024-11-29T18:31:11","date_gmt":"2024-11-29T17:31:11","guid":{"rendered":"https:\/\/stampcurio.com\/product\/1936-rakoczi-32-filler-iv-ivhelyen-levo-ismert-tevnyomat-pecsetelt-phu-18-eur\/"},"modified":"2025-12-05T04:06:43","modified_gmt":"2025-12-05T03:06:43","slug":"1936-magyarorszag-rakoczi-pecsetelt-32-filler-a-4-ivhelyen-levo-ismert-tevnyomattal-phu-18-eur","status":"publish","type":"product","link":"https:\/\/stampcurio.com\/hu\/termek\/1936-magyarorszag-rakoczi-pecsetelt-32-filler-a-4-ivhelyen-levo-ismert-tevnyomattal-phu-18-eur\/","title":{"rendered":"1936 Magyarorsz\u00e1g &#8211; R\u00e1k\u00f3czi pecs\u00e9telt 32 fill\u00e9r, a 4. \u00edvhelyen l\u00e9v\u0151 ismert t\u00e9vnyomattal | PHu: 18 EUR"},"content":{"rendered":"","protected":false},"excerpt":{"rendered":"","protected":false},"featured_media":18748,"template":"","meta":[],"product_brand":[],"product_cat":[1172],"product_tag":[1664,116,217,1006],"class_list":{"0":"post-15430","1":"product","2":"type-product","3":"status-publish","4":"has-post-thumbnail","6":"product_cat-magyarorszag","7":"product_tag-2nd-auction-hu","8":"product_tag-belyeg","9":"product_tag-tevnyomat","10":"product_tag-unsold","12":"first","13":"instock","14":"sold-individually","15":"shipping-taxable","16":"product-type-simple"},"_links":{"self":[{"href":"https:\/\/stampcurio.com\/hu\/wp-json\/wp\/v2\/product\/15430","targetHints":{"allow":["GET"]}}],"collection":[{"href":"https:\/\/stampcurio.com\/hu\/wp-json\/wp\/v2\/product"}],"about":[{"href":"https:\/\/stampcurio.com\/hu\/wp-json\/wp\/v2\/types\/product"}],"wp:featuredmedia":[{"embeddable":true,"href":"https:\/\/stampcurio.com\/hu\/wp-json\/wp\/v2\/media\/18748"}],"wp:attachment":[{"href":"https:\/\/stampcurio.com\/hu\/wp-json\/wp\/v2\/media?parent=15430"}],"wp:term":[{"taxonomy":"product_brand","embeddable":true,"href":"https:\/\/stampcurio.com\/hu\/wp-json\/wp\/v2\/product_brand?post=15430"},{"taxonomy":"product_cat","embeddable":true,"href":"https:\/\/stampcurio.com\/hu\/wp-json\/wp\/v2\/product_cat?post=15430"},{"taxonomy":"product_tag","embeddable":true,"href":"https:\/\/stampcurio.com\/hu\/wp-json\/wp\/v2\/product_tag?post=15430"}],"curies":[{"name":"wp","href":"https:\/\/api.w.org\/{rel}","templated":true}]}}