{"id":15429,"date":"2024-11-29T18:31:08","date_gmt":"2024-11-29T17:31:08","guid":{"rendered":"https:\/\/stampcurio.com\/product\/d-level-1930-domjen-level-hasznalatlan-albumba-ragasztas-miatt-utani-kitepes-elvekonyodas-az-aljan-a-kepoldalt-nem-erinti-csak-az-iras-oldal-also-reszen-lathatoak-az-also-nyomok\/"},"modified":"2025-12-05T04:06:45","modified_gmt":"2025-12-05T03:06:45","slug":"1930-magyarorszag-hasznalatlan-dijjegyes-d-level-domjen-level-albumba-ragasztas-nyomai-foltok-es-elvekonyodas-nyoma-a-hatoldalon-a-kepen-jol-lathato-a-reklamos-oldal-kifogastalan-allapotban","status":"publish","type":"product","link":"https:\/\/stampcurio.com\/hu\/termek\/1930-magyarorszag-hasznalatlan-dijjegyes-d-level-domjen-level-albumba-ragasztas-nyomai-foltok-es-elvekonyodas-nyoma-a-hatoldalon-a-kepen-jol-lathato-a-reklamos-oldal-kifogastalan-allapotban\/","title":{"rendered":"1930 Magyarorsz\u00e1g &#8211; haszn\u00e1latlan d\u00edjjegyes D-lev\u00e9l (D\u00f6mj\u00e9n lev\u00e9l) &#8211; Albumba ragaszt\u00e1s nyomai, foltok \u00e9s elv\u00e9konyod\u00e1s nyoma a h\u00e1toldalon &#8211; a k\u00e9pen j\u00f3l l\u00e1that\u00f3, a rekl\u00e1mos oldal kifog\u00e1stalan \u00e1llapotban. A magyar filat\u00e9lia egyik ritkas\u00e1ga."},"content":{"rendered":"","protected":false},"excerpt":{"rendered":"","protected":false},"featured_media":18496,"template":"","meta":[],"product_brand":[],"product_cat":[1172],"product_tag":[1669,74,75],"class_list":{"0":"post-15429","1":"product","2":"type-product","3":"status-publish","4":"has-post-thumbnail","6":"product_cat-magyarorszag","7":"product_tag-3rd-auction","8":"product_tag-dijjegyes","9":"product_tag-reklam","11":"first","12":"instock","13":"sold-individually","14":"shipping-taxable","15":"purchasable","16":"product-type-simple"},"_links":{"self":[{"href":"https:\/\/stampcurio.com\/hu\/wp-json\/wp\/v2\/product\/15429","targetHints":{"allow":["GET"]}}],"collection":[{"href":"https:\/\/stampcurio.com\/hu\/wp-json\/wp\/v2\/product"}],"about":[{"href":"https:\/\/stampcurio.com\/hu\/wp-json\/wp\/v2\/types\/product"}],"wp:featuredmedia":[{"embeddable":true,"href":"https:\/\/stampcurio.com\/hu\/wp-json\/wp\/v2\/media\/18496"}],"wp:attachment":[{"href":"https:\/\/stampcurio.com\/hu\/wp-json\/wp\/v2\/media?parent=15429"}],"wp:term":[{"taxonomy":"product_brand","embeddable":true,"href":"https:\/\/stampcurio.com\/hu\/wp-json\/wp\/v2\/product_brand?post=15429"},{"taxonomy":"product_cat","embeddable":true,"href":"https:\/\/stampcurio.com\/hu\/wp-json\/wp\/v2\/product_cat?post=15429"},{"taxonomy":"product_tag","embeddable":true,"href":"https:\/\/stampcurio.com\/hu\/wp-json\/wp\/v2\/product_tag?post=15429"}],"curies":[{"name":"wp","href":"https:\/\/api.w.org\/{rel}","templated":true}]}}