{"id":15428,"date":"2024-11-29T18:31:08","date_gmt":"2024-11-29T17:31:08","guid":{"rendered":"https:\/\/stampcurio.com\/product\/1881-1-es-viujel-a-vizjel-jol-azonosithato-13-fogazat-kassai-belyegzovel-1884-evi-naptarlapon-rrr\/"},"modified":"2025-12-05T04:06:44","modified_gmt":"2025-12-05T03:06:44","slug":"1881-magyarorszag-6-kr-naptarbelyeg-jol-azonosithato-1-es-vizjellel-fogazat-13-m-kir-kassai-fovamhivatal-belyegzovel-1884-evi-naptarlapon-szucs-dokumentumon-900-eur","status":"publish","type":"product","link":"https:\/\/stampcurio.com\/hu\/termek\/1881-magyarorszag-6-kr-naptarbelyeg-jol-azonosithato-1-es-vizjellel-fogazat-13-m-kir-kassai-fovamhivatal-belyegzovel-1884-evi-naptarlapon-szucs-dokumentumon-900-eur\/","title":{"rendered":"1881 Magyarorsz\u00e1g &#8211;  6 kr napt\u00e1rb\u00e9lyeg j\u00f3l azonos\u00edthat\u00f3 1-es v\u00edzjellel, fogazat: 13, M. KIR. KASSAI F\u0150V\u00c1MHIVATAL b\u00e9lyegz\u0151vel 1884. \u00e9vi napt\u00e1rlapon \/ Sz\u0171cs: dokumentumon 900 EUR"},"content":{"rendered":"","protected":false},"excerpt":{"rendered":"<p>Kassa<\/p>\n<p>PHu szolo b\u00e9lyeg \u00e9rt\u00e9ke 125 EUR<\/p>\n","protected":false},"featured_media":18574,"template":"","meta":[],"product_brand":[],"product_cat":[1172,1189],"product_tag":[1664,282],"class_list":{"0":"post-15428","1":"product","2":"type-product","3":"status-publish","4":"has-post-thumbnail","6":"product_cat-magyarorszag","7":"product_cat-szlovakia","8":"product_tag-2nd-auction-hu","9":"product_tag-okmanybelyeg","11":"first","12":"instock","13":"sold-individually","14":"shipping-taxable","15":"product-type-simple"},"_links":{"self":[{"href":"https:\/\/stampcurio.com\/hu\/wp-json\/wp\/v2\/product\/15428","targetHints":{"allow":["GET"]}}],"collection":[{"href":"https:\/\/stampcurio.com\/hu\/wp-json\/wp\/v2\/product"}],"about":[{"href":"https:\/\/stampcurio.com\/hu\/wp-json\/wp\/v2\/types\/product"}],"wp:featuredmedia":[{"embeddable":true,"href":"https:\/\/stampcurio.com\/hu\/wp-json\/wp\/v2\/media\/18574"}],"wp:attachment":[{"href":"https:\/\/stampcurio.com\/hu\/wp-json\/wp\/v2\/media?parent=15428"}],"wp:term":[{"taxonomy":"product_brand","embeddable":true,"href":"https:\/\/stampcurio.com\/hu\/wp-json\/wp\/v2\/product_brand?post=15428"},{"taxonomy":"product_cat","embeddable":true,"href":"https:\/\/stampcurio.com\/hu\/wp-json\/wp\/v2\/product_cat?post=15428"},{"taxonomy":"product_tag","embeddable":true,"href":"https:\/\/stampcurio.com\/hu\/wp-json\/wp\/v2\/product_tag?post=15428"}],"curies":[{"name":"wp","href":"https:\/\/api.w.org\/{rel}","templated":true}]}}