{"id":15427,"date":"2024-11-29T18:31:08","date_gmt":"2024-11-29T17:31:08","guid":{"rendered":"https:\/\/stampcurio.com\/product\/naptarbelyeg-barna-es-fekete-szinben-13-es-115-fogazattal-valamint-zold-szurkesbarna-szinben-115-fogazattalrewrite-1887-es-kiadas-1a-vizjel-fekete-szinben-115-fogazat-1891-1a-vizjel-115-es-fog\/"},"modified":"2025-12-05T04:06:44","modified_gmt":"2025-12-05T03:06:44","slug":"1887-1891-naptarbelyegek-naptar-lapokon-1887-fekete-1a-vizjel-115-fogazat-1891-zold-1a-vizjel-115-es-fogazat-szucs-dokumentumon-320-eur","status":"publish","type":"product","link":"https:\/\/stampcurio.com\/hu\/termek\/1887-1891-naptarbelyegek-naptar-lapokon-1887-fekete-1a-vizjel-115-fogazat-1891-zold-1a-vizjel-115-es-fogazat-szucs-dokumentumon-320-eur\/","title":{"rendered":"1887 &#8211; 1891 napt\u00e1rb\u00e9lyegek napt\u00e1r lapokon &#8211; 1887: fekete, 1A v\u00edzjel, 11,5 fogazat + 1891: z\u00f6ld, 1A v\u00edzjel, 11,5-es fogazat \/ Sz\u0171cs: dokumentumon 320 EUR"},"content":{"rendered":"","protected":false},"excerpt":{"rendered":"<p>Kassa, Gy\u0151r<\/p>\n","protected":false},"featured_media":18564,"template":"","meta":[],"product_brand":[],"product_cat":[1172,1189],"product_tag":[1664,282,1006],"class_list":{"0":"post-15427","1":"product","2":"type-product","3":"status-publish","4":"has-post-thumbnail","6":"product_cat-magyarorszag","7":"product_cat-szlovakia","8":"product_tag-2nd-auction-hu","9":"product_tag-okmanybelyeg","10":"product_tag-unsold","12":"first","13":"instock","14":"sold-individually","15":"shipping-taxable","16":"product-type-simple"},"_links":{"self":[{"href":"https:\/\/stampcurio.com\/hu\/wp-json\/wp\/v2\/product\/15427","targetHints":{"allow":["GET"]}}],"collection":[{"href":"https:\/\/stampcurio.com\/hu\/wp-json\/wp\/v2\/product"}],"about":[{"href":"https:\/\/stampcurio.com\/hu\/wp-json\/wp\/v2\/types\/product"}],"wp:featuredmedia":[{"embeddable":true,"href":"https:\/\/stampcurio.com\/hu\/wp-json\/wp\/v2\/media\/18564"}],"wp:attachment":[{"href":"https:\/\/stampcurio.com\/hu\/wp-json\/wp\/v2\/media?parent=15427"}],"wp:term":[{"taxonomy":"product_brand","embeddable":true,"href":"https:\/\/stampcurio.com\/hu\/wp-json\/wp\/v2\/product_brand?post=15427"},{"taxonomy":"product_cat","embeddable":true,"href":"https:\/\/stampcurio.com\/hu\/wp-json\/wp\/v2\/product_cat?post=15427"},{"taxonomy":"product_tag","embeddable":true,"href":"https:\/\/stampcurio.com\/hu\/wp-json\/wp\/v2\/product_tag?post=15427"}],"curies":[{"name":"wp","href":"https:\/\/api.w.org\/{rel}","templated":true}]}}