{"id":15426,"date":"2024-11-29T18:31:08","date_gmt":"2024-11-29T17:31:08","guid":{"rendered":"https:\/\/stampcurio.com\/product\/magyar-naptarszignettak-1867-6-kreuzer-12-16-21-ellenorzoszamu-belyegzok-1891-es-kiadas-1-2-ellenorzoszamu-belyegzok\/"},"modified":"2025-12-05T04:06:44","modified_gmt":"2025-12-05T03:06:44","slug":"1867-1891-magyar-naptarszignettak-naptar-lapokon-1867-6-kreuzer-12-16-21-ellenorzoszamu-belyegzok-1891-es-kiadas-1-2-ellenorzoszamu-belyegzok-szucs-650-eur","status":"publish","type":"product","link":"https:\/\/stampcurio.com\/hu\/termek\/1867-1891-magyar-naptarszignettak-naptar-lapokon-1867-6-kreuzer-12-16-21-ellenorzoszamu-belyegzok-1891-es-kiadas-1-2-ellenorzoszamu-belyegzok-szucs-650-eur\/","title":{"rendered":"1867 &#8211; 1891 magyar napt\u00e1rszignett\u00e1k napt\u00e1r lapokon &#8211; 1867: 6 kreuzer 12., 16., 21. ellen\u0151rz\u0151sz\u00e1m\u00fa b\u00e9lyegz\u0151k + 1891-es kiad\u00e1s 1., 2. ellen\u0151rz\u0151sz\u00e1m\u00fa b\u00e9lyegz\u0151k \/ Sz\u0171cs 650 EUR"},"content":{"rendered":"","protected":false},"excerpt":{"rendered":"<p>1867: Sz\u0171cs 450 EUR<br \/>\n1891: Sz\u0171cs: 200 EUR<\/p>\n","protected":false},"featured_media":18518,"template":"","meta":[],"product_brand":[],"product_cat":[1172],"product_tag":[1664,282,1329,1006],"class_list":{"0":"post-15426","1":"product","2":"type-product","3":"status-publish","4":"has-post-thumbnail","6":"product_cat-magyarorszag","7":"product_tag-2nd-auction-hu","8":"product_tag-okmanybelyeg","9":"product_tag-szignetta","10":"product_tag-unsold","12":"first","13":"instock","14":"sold-individually","15":"shipping-taxable","16":"product-type-simple"},"_links":{"self":[{"href":"https:\/\/stampcurio.com\/hu\/wp-json\/wp\/v2\/product\/15426","targetHints":{"allow":["GET"]}}],"collection":[{"href":"https:\/\/stampcurio.com\/hu\/wp-json\/wp\/v2\/product"}],"about":[{"href":"https:\/\/stampcurio.com\/hu\/wp-json\/wp\/v2\/types\/product"}],"wp:featuredmedia":[{"embeddable":true,"href":"https:\/\/stampcurio.com\/hu\/wp-json\/wp\/v2\/media\/18518"}],"wp:attachment":[{"href":"https:\/\/stampcurio.com\/hu\/wp-json\/wp\/v2\/media?parent=15426"}],"wp:term":[{"taxonomy":"product_brand","embeddable":true,"href":"https:\/\/stampcurio.com\/hu\/wp-json\/wp\/v2\/product_brand?post=15426"},{"taxonomy":"product_cat","embeddable":true,"href":"https:\/\/stampcurio.com\/hu\/wp-json\/wp\/v2\/product_cat?post=15426"},{"taxonomy":"product_tag","embeddable":true,"href":"https:\/\/stampcurio.com\/hu\/wp-json\/wp\/v2\/product_tag?post=15426"}],"curies":[{"name":"wp","href":"https:\/\/api.w.org\/{rel}","templated":true}]}}