{"id":15425,"date":"2024-11-29T18:31:07","date_gmt":"2024-11-29T17:31:07","guid":{"rendered":"https:\/\/stampcurio.com\/product\/1847-becs-okmanybelyeg-3-kreuzer-okirati-szignetta-naptar-elolapon\/"},"modified":"2025-12-05T04:06:45","modified_gmt":"2025-12-05T03:06:45","slug":"1847-ausztria-3-kreuzer-naptar-szignetta-becsi-naptar-elolapjan","status":"publish","type":"product","link":"https:\/\/stampcurio.com\/hu\/termek\/1847-ausztria-3-kreuzer-naptar-szignetta-becsi-naptar-elolapjan\/","title":{"rendered":"1847 Ausztria &#8211; 3 kreuzer napt\u00e1r szignetta b\u00e9csi napt\u00e1r el\u0151lapj\u00e1n"},"content":{"rendered":"","protected":false},"excerpt":{"rendered":"","protected":false},"featured_media":18199,"template":"","meta":[],"product_brand":[],"product_cat":[1178],"product_tag":[1664,282,1329,1006],"class_list":{"0":"post-15425","1":"product","2":"type-product","3":"status-publish","4":"has-post-thumbnail","6":"product_cat-ausztria","7":"product_tag-2nd-auction-hu","8":"product_tag-okmanybelyeg","9":"product_tag-szignetta","10":"product_tag-unsold","12":"first","13":"instock","14":"sold-individually","15":"shipping-taxable","16":"product-type-simple"},"_links":{"self":[{"href":"https:\/\/stampcurio.com\/hu\/wp-json\/wp\/v2\/product\/15425","targetHints":{"allow":["GET"]}}],"collection":[{"href":"https:\/\/stampcurio.com\/hu\/wp-json\/wp\/v2\/product"}],"about":[{"href":"https:\/\/stampcurio.com\/hu\/wp-json\/wp\/v2\/types\/product"}],"wp:featuredmedia":[{"embeddable":true,"href":"https:\/\/stampcurio.com\/hu\/wp-json\/wp\/v2\/media\/18199"}],"wp:attachment":[{"href":"https:\/\/stampcurio.com\/hu\/wp-json\/wp\/v2\/media?parent=15425"}],"wp:term":[{"taxonomy":"product_brand","embeddable":true,"href":"https:\/\/stampcurio.com\/hu\/wp-json\/wp\/v2\/product_brand?post=15425"},{"taxonomy":"product_cat","embeddable":true,"href":"https:\/\/stampcurio.com\/hu\/wp-json\/wp\/v2\/product_cat?post=15425"},{"taxonomy":"product_tag","embeddable":true,"href":"https:\/\/stampcurio.com\/hu\/wp-json\/wp\/v2\/product_tag?post=15425"}],"curies":[{"name":"wp","href":"https:\/\/api.w.org\/{rel}","templated":true}]}}