{"id":15424,"date":"2024-11-29T18:31:07","date_gmt":"2024-11-29T17:31:07","guid":{"rendered":"https:\/\/stampcurio.com\/product\/xxx-occupation-francaise-szeged-kepeslap-a-megszallo-francia-csapatok-altal-hazakuldve-tabori-postaval-magyar-nemzeti-kormany\/"},"modified":"2025-12-05T04:06:45","modified_gmt":"2025-12-05T03:06:45","slug":"1919-szeged-kepeslap-szegedrol-a-megszallo-francia-csapatok-altal-tabori-postaval-hazakuldve","status":"publish","type":"product","link":"https:\/\/stampcurio.com\/hu\/termek\/1919-szeged-kepeslap-szegedrol-a-megszallo-francia-csapatok-altal-tabori-postaval-hazakuldve\/","title":{"rendered":"1919 Szeged &#8211; k\u00e9peslap Szegedr\u0151l a megsz\u00e1ll\u00f3 francia csapatok \u00e1ltal t\u00e1bori post\u00e1val hazak\u00fcldve"},"content":{"rendered":"","protected":false},"excerpt":{"rendered":"","protected":false},"featured_media":18530,"template":"","meta":[],"product_brand":[],"product_cat":[1181,1172],"product_tag":[1664,97,89,208,1006],"class_list":{"0":"post-15424","1":"product","2":"type-product","3":"status-publish","4":"has-post-thumbnail","6":"product_cat-franciaorszag","7":"product_cat-magyarorszag","8":"product_tag-2nd-auction-hu","9":"product_tag-kepeslap","10":"product_tag-postatortenet","11":"product_tag-tabori-posta","12":"product_tag-unsold","14":"first","15":"instock","16":"sold-individually","17":"shipping-taxable","18":"product-type-simple"},"_links":{"self":[{"href":"https:\/\/stampcurio.com\/hu\/wp-json\/wp\/v2\/product\/15424","targetHints":{"allow":["GET"]}}],"collection":[{"href":"https:\/\/stampcurio.com\/hu\/wp-json\/wp\/v2\/product"}],"about":[{"href":"https:\/\/stampcurio.com\/hu\/wp-json\/wp\/v2\/types\/product"}],"wp:featuredmedia":[{"embeddable":true,"href":"https:\/\/stampcurio.com\/hu\/wp-json\/wp\/v2\/media\/18530"}],"wp:attachment":[{"href":"https:\/\/stampcurio.com\/hu\/wp-json\/wp\/v2\/media?parent=15424"}],"wp:term":[{"taxonomy":"product_brand","embeddable":true,"href":"https:\/\/stampcurio.com\/hu\/wp-json\/wp\/v2\/product_brand?post=15424"},{"taxonomy":"product_cat","embeddable":true,"href":"https:\/\/stampcurio.com\/hu\/wp-json\/wp\/v2\/product_cat?post=15424"},{"taxonomy":"product_tag","embeddable":true,"href":"https:\/\/stampcurio.com\/hu\/wp-json\/wp\/v2\/product_tag?post=15424"}],"curies":[{"name":"wp","href":"https:\/\/api.w.org\/{rel}","templated":true}]}}