{"id":15423,"date":"2024-11-29T18:31:07","date_gmt":"2024-11-29T17:31:07","guid":{"rendered":"https:\/\/stampcurio.com\/product\/1925-komplett-ujsag-wrapperral-50-h-perfinnel-bermentesitve-c-v-g\/"},"modified":"2025-12-05T04:06:45","modified_gmt":"2025-12-05T03:06:45","slug":"1925-csehszlovakia-komplett-ujsag-es-cimszalag-50-heller-bermentesitessel-c-g-v-perfin","status":"publish","type":"product","link":"https:\/\/stampcurio.com\/hu\/termek\/1925-csehszlovakia-komplett-ujsag-es-cimszalag-50-heller-bermentesitessel-c-g-v-perfin\/","title":{"rendered":"1925 Csehszlov\u00e1kia &#8211; komplett \u00fajs\u00e1g \u00e9s c\u00edmszalag 50 heller b\u00e9rmentes\u00edt\u00e9ssel &#8211; C.G.V. perfin"},"content":{"rendered":"","protected":false},"excerpt":{"rendered":"","protected":false},"featured_media":18010,"template":"","meta":[],"product_brand":[],"product_cat":[1238,1189],"product_tag":[1664,116,230,89],"class_list":{"0":"post-15423","1":"product","2":"type-product","3":"status-publish","4":"has-post-thumbnail","6":"product_cat-csehorszag","7":"product_cat-szlovakia","8":"product_tag-2nd-auction-hu","9":"product_tag-belyeg","10":"product_tag-perfin","11":"product_tag-postatortenet","13":"first","14":"instock","15":"sold-individually","16":"shipping-taxable","17":"product-type-simple"},"_links":{"self":[{"href":"https:\/\/stampcurio.com\/hu\/wp-json\/wp\/v2\/product\/15423","targetHints":{"allow":["GET"]}}],"collection":[{"href":"https:\/\/stampcurio.com\/hu\/wp-json\/wp\/v2\/product"}],"about":[{"href":"https:\/\/stampcurio.com\/hu\/wp-json\/wp\/v2\/types\/product"}],"wp:featuredmedia":[{"embeddable":true,"href":"https:\/\/stampcurio.com\/hu\/wp-json\/wp\/v2\/media\/18010"}],"wp:attachment":[{"href":"https:\/\/stampcurio.com\/hu\/wp-json\/wp\/v2\/media?parent=15423"}],"wp:term":[{"taxonomy":"product_brand","embeddable":true,"href":"https:\/\/stampcurio.com\/hu\/wp-json\/wp\/v2\/product_brand?post=15423"},{"taxonomy":"product_cat","embeddable":true,"href":"https:\/\/stampcurio.com\/hu\/wp-json\/wp\/v2\/product_cat?post=15423"},{"taxonomy":"product_tag","embeddable":true,"href":"https:\/\/stampcurio.com\/hu\/wp-json\/wp\/v2\/product_tag?post=15423"}],"curies":[{"name":"wp","href":"https:\/\/api.w.org\/{rel}","templated":true}]}}