{"id":15422,"date":"2024-11-29T18:31:06","date_gmt":"2024-11-29T17:31:06","guid":{"rendered":"https:\/\/stampcurio.com\/product\/xxx-nyugat-mo-ix-15-k-postatiszta-par-enyvezes-nelkul\/"},"modified":"2025-12-05T04:06:46","modified_gmt":"2025-12-05T03:06:46","slug":"1921-nyugat-magyarorszag-ix-15-k-postatiszta-par-enyvezes-nelkul-a-kiadasbol-ritkan-lathatoak-osszefuggesek-pruf-bodor","status":"publish","type":"product","link":"https:\/\/stampcurio.com\/hu\/termek\/1921-nyugat-magyarorszag-ix-15-k-postatiszta-par-enyvezes-nelkul-a-kiadasbol-ritkan-lathatoak-osszefuggesek-pruf-bodor\/","title":{"rendered":"1921 Nyugat-Magyarorsz\u00e1g IX. &#8211; 1,5 K postatiszta p\u00e1r enyvez\u00e9s n\u00e9lk\u00fcl &#8211; a kiad\u00e1sb\u00f3l ritk\u00e1n l\u00e1that\u00f3ak \u00f6sszef\u00fcgg\u00e9sek \/ Pr\u00fcf: Bodor"},"content":{"rendered":"","protected":false},"excerpt":{"rendered":"","protected":false},"featured_media":23838,"template":"","meta":[],"product_brand":[],"product_cat":[1178,1172],"product_tag":[1664,116,1006],"class_list":{"0":"post-15422","1":"product","2":"type-product","3":"status-publish","4":"has-post-thumbnail","6":"product_cat-ausztria","7":"product_cat-magyarorszag","8":"product_tag-2nd-auction-hu","9":"product_tag-belyeg","10":"product_tag-unsold","12":"first","13":"instock","14":"sold-individually","15":"shipping-taxable","16":"product-type-simple"},"_links":{"self":[{"href":"https:\/\/stampcurio.com\/hu\/wp-json\/wp\/v2\/product\/15422","targetHints":{"allow":["GET"]}}],"collection":[{"href":"https:\/\/stampcurio.com\/hu\/wp-json\/wp\/v2\/product"}],"about":[{"href":"https:\/\/stampcurio.com\/hu\/wp-json\/wp\/v2\/types\/product"}],"wp:featuredmedia":[{"embeddable":true,"href":"https:\/\/stampcurio.com\/hu\/wp-json\/wp\/v2\/media\/23838"}],"wp:attachment":[{"href":"https:\/\/stampcurio.com\/hu\/wp-json\/wp\/v2\/media?parent=15422"}],"wp:term":[{"taxonomy":"product_brand","embeddable":true,"href":"https:\/\/stampcurio.com\/hu\/wp-json\/wp\/v2\/product_brand?post=15422"},{"taxonomy":"product_cat","embeddable":true,"href":"https:\/\/stampcurio.com\/hu\/wp-json\/wp\/v2\/product_cat?post=15422"},{"taxonomy":"product_tag","embeddable":true,"href":"https:\/\/stampcurio.com\/hu\/wp-json\/wp\/v2\/product_tag?post=15422"}],"curies":[{"name":"wp","href":"https:\/\/api.w.org\/{rel}","templated":true}]}}