{"id":15420,"date":"2024-11-29T18:31:06","date_gmt":"2024-11-29T17:31:06","guid":{"rendered":"https:\/\/stampcurio.com\/product\/xxx-nyugat-magyarorszag-ix-az-50f-ertek-probanyomata-enyvezes-nelkul-enyvezett-ebbol-nem-keszult-fogazatlan-az-ertekszamnyomas-nelkul-rendkivul-latvanyos-papirranccal\/"},"modified":"2025-12-05T04:06:46","modified_gmt":"2025-12-05T03:06:46","slug":"1921-nyugat-magyarorszag-ix-az-50-f-fogazatlan-probanyomata-ertekszam-es-enyvezes-nelkul-enyvezett-probanyomat-nem-keszult-rendkivul-latvanyos-papirranccal","status":"publish","type":"product","link":"https:\/\/stampcurio.com\/hu\/termek\/1921-nyugat-magyarorszag-ix-az-50-f-fogazatlan-probanyomata-ertekszam-es-enyvezes-nelkul-enyvezett-probanyomat-nem-keszult-rendkivul-latvanyos-papirranccal\/","title":{"rendered":"1921 Nyugat-Magyarorsz\u00e1g IX. \u2013 az 50 f fogazatlan pr\u00f3banyomata \u00e9rt\u00e9ksz\u00e1m \u00e9s enyvez\u00e9s n\u00e9lk\u00fcl (enyvezett pr\u00f3banyomat nem k\u00e9sz\u00fclt), rendk\u00edv\u00fcl l\u00e1tv\u00e1nyos pap\u00edrr\u00e1nccal"},"content":{"rendered":"","protected":false},"excerpt":{"rendered":"","protected":false},"featured_media":18736,"template":"","meta":[],"product_brand":[],"product_cat":[1178,1172],"product_tag":[1664,116,390,217,1006],"class_list":{"0":"post-15420","1":"product","2":"type-product","3":"status-publish","4":"has-post-thumbnail","6":"product_cat-ausztria","7":"product_cat-magyarorszag","8":"product_tag-2nd-auction-hu","9":"product_tag-belyeg","10":"product_tag-probanyomat","11":"product_tag-tevnyomat","12":"product_tag-unsold","14":"first","15":"instock","16":"sold-individually","17":"shipping-taxable","18":"product-type-simple"},"_links":{"self":[{"href":"https:\/\/stampcurio.com\/hu\/wp-json\/wp\/v2\/product\/15420","targetHints":{"allow":["GET"]}}],"collection":[{"href":"https:\/\/stampcurio.com\/hu\/wp-json\/wp\/v2\/product"}],"about":[{"href":"https:\/\/stampcurio.com\/hu\/wp-json\/wp\/v2\/types\/product"}],"wp:featuredmedia":[{"embeddable":true,"href":"https:\/\/stampcurio.com\/hu\/wp-json\/wp\/v2\/media\/18736"}],"wp:attachment":[{"href":"https:\/\/stampcurio.com\/hu\/wp-json\/wp\/v2\/media?parent=15420"}],"wp:term":[{"taxonomy":"product_brand","embeddable":true,"href":"https:\/\/stampcurio.com\/hu\/wp-json\/wp\/v2\/product_brand?post=15420"},{"taxonomy":"product_cat","embeddable":true,"href":"https:\/\/stampcurio.com\/hu\/wp-json\/wp\/v2\/product_cat?post=15420"},{"taxonomy":"product_tag","embeddable":true,"href":"https:\/\/stampcurio.com\/hu\/wp-json\/wp\/v2\/product_tag?post=15420"}],"curies":[{"name":"wp","href":"https:\/\/api.w.org\/{rel}","templated":true}]}}