{"id":15419,"date":"2024-11-29T18:31:05","date_gmt":"2024-11-29T17:31:05","guid":{"rendered":"https:\/\/stampcurio.com\/product\/xxx-shs-arato-2-filler\/"},"modified":"2025-12-05T04:06:48","modified_gmt":"2025-12-05T03:06:48","slug":"1918-shs-forditott-felulnyomas-arato-2-filler-belyegen","status":"publish","type":"product","link":"https:\/\/stampcurio.com\/hu\/termek\/1918-shs-forditott-felulnyomas-arato-2-filler-belyegen\/","title":{"rendered":"1918 SHS &#8211; ford\u00edtott fel\u00fclnyom\u00e1s Arat\u00f3 2 fill\u00e9r b\u00e9lyegen"},"content":{"rendered":"","protected":false},"excerpt":{"rendered":"","protected":false},"featured_media":18702,"template":"","meta":[],"product_brand":[],"product_cat":[1222,1192,1172,1245,1236],"product_tag":[1664,116,217,1006],"class_list":{"0":"post-15419","1":"product","2":"type-product","3":"status-publish","4":"has-post-thumbnail","6":"product_cat-bosznia-hercegovina","7":"product_cat-horvatorszag","8":"product_cat-magyarorszag","9":"product_cat-szerbia","10":"product_cat-szlovenia","11":"product_tag-2nd-auction-hu","12":"product_tag-belyeg","13":"product_tag-tevnyomat","14":"product_tag-unsold","16":"first","17":"instock","18":"sold-individually","19":"shipping-taxable","20":"product-type-simple"},"_links":{"self":[{"href":"https:\/\/stampcurio.com\/hu\/wp-json\/wp\/v2\/product\/15419","targetHints":{"allow":["GET"]}}],"collection":[{"href":"https:\/\/stampcurio.com\/hu\/wp-json\/wp\/v2\/product"}],"about":[{"href":"https:\/\/stampcurio.com\/hu\/wp-json\/wp\/v2\/types\/product"}],"wp:featuredmedia":[{"embeddable":true,"href":"https:\/\/stampcurio.com\/hu\/wp-json\/wp\/v2\/media\/18702"}],"wp:attachment":[{"href":"https:\/\/stampcurio.com\/hu\/wp-json\/wp\/v2\/media?parent=15419"}],"wp:term":[{"taxonomy":"product_brand","embeddable":true,"href":"https:\/\/stampcurio.com\/hu\/wp-json\/wp\/v2\/product_brand?post=15419"},{"taxonomy":"product_cat","embeddable":true,"href":"https:\/\/stampcurio.com\/hu\/wp-json\/wp\/v2\/product_cat?post=15419"},{"taxonomy":"product_tag","embeddable":true,"href":"https:\/\/stampcurio.com\/hu\/wp-json\/wp\/v2\/product_tag?post=15419"}],"curies":[{"name":"wp","href":"https:\/\/api.w.org\/{rel}","templated":true}]}}